{"id":11,"date":"2013-08-26T17:12:29","date_gmt":"2013-08-26T17:12:29","guid":{"rendered":"http:\/\/rejman.cz\/?page_id=11"},"modified":"2022-01-31T19:00:08","modified_gmt":"2022-01-31T19:00:08","slug":"o-nas","status":"publish","type":"page","link":"https:\/\/www.rejman.cz\/","title":{"rendered":"O n\u00e1s"},"content":{"rendered":"\n<p>Poskytujeme pr\u00e1vn\u00ed slu\u017eby r\u016fznorod\u00fdm klient\u016fm, mezi kter\u00e9 pat\u0159\u00ed tuzemsk\u00e9 i zahrani\u010dn\u00ed fyzick\u00e9 osoby, dom\u00e1c\u00ed i zahrani\u010dn\u00ed obchodn\u00ed spole\u010dnosti, priv\u00e1tn\u00ed a korpor\u00e1tn\u00ed investo\u0159i, neziskov\u00e9 (spole\u010densk\u00e9) organizace a v\u00a0neposledn\u00ed \u0159ad\u011b i ve\u0159ejnopr\u00e1vn\u00ed organizace.<\/p>\n\n\n\n<p>Nehled\u011b na to, zda zastupujeme investora nebo rozv\u00e1d\u011bj\u00edc\u00edho se man\u017eela (man\u017eelku), v\u017edy se sna\u017e\u00edme o to sam\u00e9, tj. poskytnout po\u017eadovanou pr\u00e1vn\u00ed slu\u017ebu co nejefektivn\u011bji, aby pr\u00e1va klienta byla co nejl\u00e9pe chr\u00e1n\u011bna.<\/p>\n\n\n\n<p>Nerozli\u0161ujeme sv\u00e9 klienty na ty \u201evelk\u00e9\u201c a na ty \u201emal\u00e9\u201c. Na\u0161\u00ed ambic\u00ed je pozorn\u011b naslouchat klient\u016fm, vn\u00edmat jejich pot\u0159eby a p\u0159ich\u00e1zet s\u00a0odpov\u00eddaj\u00edc\u00edmi \u0159e\u0161en\u00edmi, kter\u00e9 nebudou \u201ejen\u201c z form\u00e1ln\u011b pr\u00e1vn\u00edho hlediska v\u00a0po\u0159\u00e1dku, ale kter\u00e9 budou p\u0159ihl\u00ed\u017eet i k\u00a0jin\u00fdm aspekt\u016fm v\u00fdznamn\u00fdm pro klienta, jako je nap\u0159. ekonomick\u00e1 str\u00e1nka v\u011bci, up\u0159ednostn\u011bn\u00ed mimosoudn\u00edho \u0159e\u0161en\u00ed v\u00a0\u010dasov\u011b kr\u00e1tk\u00e9m horizontu p\u0159ed dlouh\u00fdmi a problematick\u00fdmi soudn\u00edmi spory s\u00a0obt\u00ed\u017en\u011b odhadnuteln\u00fdmi v\u00fdsledky.<\/p>\n\n\n\n<p>\u00dalohu advok\u00e1ta p\u0159i \u0159e\u0161en\u00ed spor\u016f vn\u00edm\u00e1me jako kvalifikovan\u00e9ho pr\u00e1vn\u00edho r\u00e1dce, kter\u00fd je schopn\u00fd p\u0159ich\u00e1zet s\u00a0alternativn\u00edmi n\u00e1vrhy prosp\u011b\u0161n\u00fdmi pro klienta p\u0159i sou\u010dasn\u00e9m respektov\u00e1n\u00ed klientem vymezen\u00fdch limit\u016f z\u00e1visl\u00fdch na konkr\u00e9tn\u00edch okolnostech p\u0159edm\u011btn\u00e9 kauzy.<\/p>\n\n\n\n<p>Advok\u00e1t d\u016fsledn\u011b h\u00e1j\u00edc\u00ed z\u00e1jmy klienta by m\u011bl um\u011bt p\u0159edch\u00e1zet vzniku spor\u016f s\u00a0ohledem na to, \u017ee pr\u00e1vn\u00ed prevence b\u00fdv\u00e1 pro klienta zaj\u00edmav\u011bj\u0161\u00ed a m\u00e9n\u011b finan\u010dn\u011b n\u00e1ro\u010dn\u00e1 ne\u017e \u0159e\u0161en\u00ed ji\u017e nastal\u00fdch probl\u00e9m\u016f. V p\u0159\u00edpad\u011b nemo\u017enosti vyhnout se soudn\u00edmu sporu, pak jak se soudit, aby klient byl \u00fasp\u011b\u0161n\u00fd.<\/p>\n\n\n\n<hr class=\"wp-block-separator\"\/>\n\n\n\n<p>Pr\u00e1vn\u00ed v\u00fdhrady provozovatele webu:<\/p>\n\n\n\n<ul><li>Zve\u0159ejn\u011bn\u00e9 p\u016fvodn\u00ed informace jsou p\u0159edm\u011btem du\u0161evn\u00edho vlastnictv\u00ed, zejm\u00e9na autorsk\u00e9ho pr\u00e1va.<\/li><li>Jedin\u00fdm autorizovan\u00fdm autentick\u00fdm zn\u011bn\u00edm pr\u00e1vn\u00edch p\u0159edpis\u016f je aktu\u00e1ln\u00ed zn\u011bn\u00ed uve\u0159ejn\u011bn\u00e9 v ti\u0161t\u011bn\u00e9 podob\u011b ve Sb\u00edrce z\u00e1kon\u016f.<\/li><li>Provozovatel webov\u00e9 str\u00e1nky je opr\u00e1vn\u011bn podle sv\u00e9ho v\u00fdlu\u010dn\u00e9ho uv\u00e1\u017een\u00ed zm\u011bnit, doplnit nebo odstranit jakoukoliv jej\u00ed \u010d\u00e1st.<\/li><li>\u00dadaje uve\u0159ejn\u011bn\u00e9 na webov\u00e9 str\u00e1nce jsou aktu\u00e1ln\u00ed v okam\u017eiku jejich p\u016fvodn\u00edho zve\u0159ejn\u011bn\u00ed \u010di jejich aktualizace a provozovatel webov\u00e9 str\u00e1nky neodpov\u00edd\u00e1 za jak\u00e9koliv \u0161kody nebo \u00fajmy souvisej\u00edc\u00ed s uveden\u00edm neaktu\u00e1ln\u00edch informac\u00ed na t\u00e9to webov\u00e9 str\u00e1nce.<\/li><\/ul>\n","protected":false},"excerpt":{"rendered":"<p>Poskytujeme pr\u00e1vn\u00ed slu\u017eby r\u016fznorod\u00fdm klient\u016fm, mezi kter\u00e9 pat\u0159\u00ed tuzemsk\u00e9 i zahrani\u010dn\u00ed fyzick\u00e9 osoby, dom\u00e1c\u00ed i zahrani\u010dn\u00ed obchodn\u00ed spole\u010dnosti, priv\u00e1tn\u00ed a korpor\u00e1tn\u00ed investo\u0159i, neziskov\u00e9 (spole\u010densk\u00e9) organizace a v\u00a0neposledn\u00ed \u0159ad\u011b i ve\u0159ejnopr\u00e1vn\u00ed organizace. Nehled\u011b na to, zda zastupujeme investora nebo rozv\u00e1d\u011bj\u00edc\u00edho se man\u017eela (man\u017eelku), v\u017edy se sna\u017e\u00edme o to sam\u00e9, tj. poskytnout po\u017eadovanou pr\u00e1vn\u00ed slu\u017ebu co nejefektivn\u011bji, [&hellip;]<\/p>\n","protected":false},"author":1,"featured_media":0,"parent":0,"menu_order":1,"comment_status":"closed","ping_status":"closed","template":"","meta":[],"_links":{"self":[{"href":"https:\/\/www.rejman.cz\/index.php?rest_route=\/wp\/v2\/pages\/11"}],"collection":[{"href":"https:\/\/www.rejman.cz\/index.php?rest_route=\/wp\/v2\/pages"}],"about":[{"href":"https:\/\/www.rejman.cz\/index.php?rest_route=\/wp\/v2\/types\/page"}],"author":[{"embeddable":true,"href":"https:\/\/www.rejman.cz\/index.php?rest_route=\/wp\/v2\/users\/1"}],"replies":[{"embeddable":true,"href":"https:\/\/www.rejman.cz\/index.php?rest_route=%2Fwp%2Fv2%2Fcomments&post=11"}],"version-history":[{"count":11,"href":"https:\/\/www.rejman.cz\/index.php?rest_route=\/wp\/v2\/pages\/11\/revisions"}],"predecessor-version":[{"id":213,"href":"https:\/\/www.rejman.cz\/index.php?rest_route=\/wp\/v2\/pages\/11\/revisions\/213"}],"wp:attachment":[{"href":"https:\/\/www.rejman.cz\/index.php?rest_route=%2Fwp%2Fv2%2Fmedia&parent=11"}],"curies":[{"name":"wp","href":"https:\/\/api.w.org\/{rel}","templated":true}]}}