{"id":12,"date":"2013-08-26T17:12:30","date_gmt":"2013-08-26T17:12:30","guid":{"rendered":"http:\/\/rejman.cz\/?page_id=12"},"modified":"2022-01-31T19:01:30","modified_gmt":"2022-01-31T19:01:30","slug":"advokacie","status":"publish","type":"page","link":"https:\/\/www.rejman.cz\/?page_id=12","title":{"rendered":"Advokacie"},"content":{"rendered":"\n<h3 id=\"advokacie\"><span style=\"font-family: Arial, 'Arial Unicode MS', Helvetica, sans-serif;\">Advokacie<\/span><\/h3>\n\n\n\n<p><span style=\"font-family: Arial, 'Arial Unicode MS', Helvetica, sans-serif;\">Posl\u00e1n\u00edm advokacie je <span style=\"font-weight: bold;\">obrana pr\u00e1v, majetkov\u00fdch a jin\u00fdch z\u00e1jm\u016f klienta pr\u00e1vn\u00edmi prost\u0159edky p\u0159i respektov\u00e1n\u00ed pokyn\u016f klienta<\/span>. Advok\u00e1t je ze sv\u00e9 \u010dinnosti odpov\u011bdn\u00fd p\u0159edev\u0161\u00edm klientovi, jeho\u017e z\u00e1jmy se p\u0159evzet\u00edm p\u0159\u00edpadu (zpravidla na z\u00e1klad\u011b speci\u00e1ln\u00ed pln\u00e9 moci) zav\u00e1zal d\u016fsledn\u011b h\u00e1jit a \u00fa\u010dinn\u011b prosazovat.<\/span><\/p>\n\n\n\n<h3 id=\"prioritou-je-ochrana-prav-a-zajmu-klienta\"><span style=\"font-family: Arial, 'Arial Unicode MS', Helvetica, sans-serif;\">Prioritou je ochrana pr\u00e1v a z\u00e1jm\u016f klienta<\/span><\/h3>\n\n\n\n<p><span style=\"font-family: Arial, 'Arial Unicode MS', Helvetica, sans-serif;\">P\u0159i poskytov\u00e1n\u00ed pr\u00e1vn\u00edch slu\u017eeb je db\u00e1no <span style=\"font-weight: bold;\">nejen o pr\u00e1vn\u00ed \u0159e\u0161en\u00ed probl\u00e9mu<\/span>, ale tak\u00e9 o \u0159e\u0161en\u00ed, kter\u00e9 bude <span style=\"font-weight: bold;\">optim\u00e1ln\u00ed pro klienta po ekonomick\u00e9, \u00fa\u010detn\u00ed a da\u0148ov\u00e9 str\u00e1nce<\/span>. Pr\u00e1vn\u00ed slu\u017eby jsou prov\u00e1d\u011bny p\u0159i d\u016fsledn\u00e9m <span style=\"font-weight: bold;\">dodr\u017eov\u00e1n\u00ed pr\u00e1vn\u00edho \u0159\u00e1du, profesn\u00edch etick\u00fdch pravidel<\/span> a jin\u00fdch intern\u00edch p\u0159edpis\u016f stanoven\u00fdch \u010ceskou advok\u00e1tn\u00ed komorou (viz povinnosti advok\u00e1ta na <a href=\"http:\/\/www.cak.cz\" target=\"_blank\" rel=\"noopener\">www.cak.cz<\/a>).<\/span><\/p>\n\n\n\n<h3 id=\"outsourcing-pravniho-servisu\"><span style=\"font-family: Arial, 'Arial Unicode MS', Helvetica, sans-serif;\">Outsourcing pr\u00e1vn\u00edho servisu<\/span><\/h3>\n\n\n\n<p><span style=\"font-family: Arial, 'Arial Unicode MS', Helvetica, sans-serif;\">Pr\u00e1vn\u00ed servis lze zajistit bu\u010f vlastn\u00edm pr\u00e1vn\u00edm odd\u011blen\u00edm, tedy zam\u011bstnanci odpov\u00eddaj\u00edc\u00edmi za p\u0159\u00edpadn\u00e9 \u0161kody podle z\u00e1kon\u00edku pr\u00e1ce nebo prost\u0159ednictv\u00edm spolupr\u00e1ce s advok\u00e1tem, maj\u00edc\u00edm adekv\u00e1tn\u00ed poji\u0161t\u011bn\u00ed odpov\u011bdnosti za \u0161kodu, a vyu\u017e\u00edv\u00e1n\u00edm jeho slu\u017eeb podle aktu\u00e1ln\u00ed pot\u0159eby s d\u016frazem na preventivn\u00ed \u0159e\u0161en\u00ed pr\u00e1vn\u00edch ot\u00e1zek.<\/span><\/p>\n\n\n\n<h3 id=\"advokatni-uschova\"><span style=\"font-family: Arial, 'Arial Unicode MS', Helvetica, sans-serif;\">Advok\u00e1tn\u00ed \u00faschova<\/span><\/h3>\n\n\n\n<p><span style=\"font-family: Arial, 'Arial Unicode MS', Helvetica, sans-serif;\">Advok\u00e1t zajist\u00ed bezpe\u010dn\u00e9 ulo\u017een\u00ed pen\u011bz a\/nebo dokument\u016f nejen p\u0159i realitn\u00edch transakc\u00edch a uvoln\u00ed p\u0159edm\u011bt \u00fachovy za jasn\u011b dohodnut\u00fdch podm\u00ednek vt\u011blen\u00fdch do smlouvy o advok\u00e1tn\u00ed \u00faschov\u011b, kter\u00e1 je trojstrann\u00fdm pr\u00e1vn\u00edm dokumentem uzav\u00edran\u00fdm mezi advok\u00e1tem jako uschovatelem, slo\u017eitelem a opr\u00e1vn\u011bn\u00fdm z \u00faschovy.<\/span><\/p>\n\n\n\n<h3 id=\"pravni-audit\"><span style=\"font-family: Arial, 'Arial Unicode MS', Helvetica, sans-serif;\">Pr\u00e1vn\u00ed audit<\/span><\/h3>\n\n\n\n<p><span style=\"font-family: Arial, 'Arial Unicode MS', Helvetica, sans-serif;\">Advok\u00e1t podle po\u017eadavk\u016f provede \u0161et\u0159en\u00ed v dohodnut\u00e9m rozsahu a \u010dasu za \u00fa\u010delem anal\u00fdzy existuj\u00edc\u00edch pr\u00e1vn\u00edch rizik a navrhnut\u00ed jejich optim\u00e1ln\u00edch \u0159e\u0161en\u00ed. Pr\u00e1vn\u00ed audit najde uplatn\u011bn\u00ed nap\u0159. p\u0159i p\u0159evzet\u00ed jin\u00e9ho podniku nebo jako ur\u010dit\u00fd prost\u0159edek k identifikaci oblast\u00ed, kter\u00e9 je t\u0159eba zlep\u0161it.<\/span><\/p>\n\n\n\n<h3 id=\"odmena-advokata-za-pravni-zastupovani\"><span style=\"font-family: Arial, 'Arial Unicode MS', Helvetica, sans-serif;\">Odm\u011bna advok\u00e1ta za pr\u00e1vn\u00ed zastupov\u00e1n\u00ed<\/span><\/h3>\n\n\n\n<p><span style=\"font-family: Arial, 'Arial Unicode MS', Helvetica, sans-serif;\">Odm\u011bna advok\u00e1ta m\u016f\u017ee m\u00edt v souladu se z\u00e1konem o advokacii a advok\u00e1tn\u00edho tarifu podobu <span style=\"font-weight: bold;\">smluvn\u00ed odm\u011bny<\/span> (odm\u011bna ur\u010den\u00e1 smlouvou mezi advok\u00e1tem a klientem, p\u0159i\u010dem\u017e odm\u011bna b\u00fdv\u00e1 ur\u010dena hodinovou sazbou nebo jin\u00fdm zp\u016fsobem) nebo <span style=\"font-weight: bold;\">mimosmluvn\u00ed<\/span>(odm\u011bna stanoven\u00e1 pr\u00e1vn\u00edm p\u0159edpisem \u2013 vyhl\u00e1\u0161kou Ministerstva spravedlnosti \u010d. 177\/1996 Sb., o odm\u011bn\u00e1ch advok\u00e1t\u016f a n\u00e1hrad\u00e1ch advok\u00e1t\u016f za poskytov\u00e1n\u00ed pr\u00e1vn\u00edch slu\u017eeb \/advok\u00e1tn\u00ed tarif\/; ve zn\u011bn\u00ed pozd\u011bj\u0161\u00edch p\u0159edpis\u016f). Krom\u011b n\u00e1roku na odm\u011bnu advok\u00e1ta m\u00e1 advok\u00e1t n\u00e1rok na \u00fahradu hotov\u00fdch v\u00fdloh a n\u00e1hradu za prome\u0161kan\u00fd \u010das v souvislosti s cestami zejm\u00e9na k soudn\u00edm jedn\u00e1n\u00edm. \u00da\u010dtov\u00e1n\u00ed poskytnut\u00fdch pr\u00e1vn\u00edch slu\u017eeb prob\u00edh\u00e1 v m\u011bs\u00ed\u010dn\u00edm cyklu (nen\u00ed-li s klientem stanoveno dohodou jinak). P\u0159\u00edlohou faktury za p\u0159\u00edslu\u0161n\u00fd kalend\u00e1\u0159n\u00ed m\u011bs\u00edc je podrobn\u00fd rozpis pr\u00e1vn\u00edch \u00fakon\u016f.<\/span><\/p>\n\n\n\n<p>&nbsp;<\/p>\n","protected":false},"excerpt":{"rendered":"<p>Advokacie Posl\u00e1n\u00edm advokacie je obrana pr\u00e1v, majetkov\u00fdch a jin\u00fdch z\u00e1jm\u016f klienta pr\u00e1vn\u00edmi prost\u0159edky p\u0159i respektov\u00e1n\u00ed pokyn\u016f klienta. Advok\u00e1t je ze sv\u00e9 \u010dinnosti odpov\u011bdn\u00fd p\u0159edev\u0161\u00edm klientovi, jeho\u017e z\u00e1jmy se p\u0159evzet\u00edm p\u0159\u00edpadu (zpravidla na z\u00e1klad\u011b speci\u00e1ln\u00ed pln\u00e9 moci) zav\u00e1zal d\u016fsledn\u011b h\u00e1jit a \u00fa\u010dinn\u011b prosazovat. Prioritou je ochrana pr\u00e1v a z\u00e1jm\u016f klienta P\u0159i poskytov\u00e1n\u00ed pr\u00e1vn\u00edch slu\u017eeb je db\u00e1no [&hellip;]<\/p>\n","protected":false},"author":1,"featured_media":0,"parent":0,"menu_order":2,"comment_status":"closed","ping_status":"closed","template":"","meta":[],"_links":{"self":[{"href":"https:\/\/www.rejman.cz\/index.php?rest_route=\/wp\/v2\/pages\/12"}],"collection":[{"href":"https:\/\/www.rejman.cz\/index.php?rest_route=\/wp\/v2\/pages"}],"about":[{"href":"https:\/\/www.rejman.cz\/index.php?rest_route=\/wp\/v2\/types\/page"}],"author":[{"embeddable":true,"href":"https:\/\/www.rejman.cz\/index.php?rest_route=\/wp\/v2\/users\/1"}],"replies":[{"embeddable":true,"href":"https:\/\/www.rejman.cz\/index.php?rest_route=%2Fwp%2Fv2%2Fcomments&post=12"}],"version-history":[{"count":7,"href":"https:\/\/www.rejman.cz\/index.php?rest_route=\/wp\/v2\/pages\/12\/revisions"}],"predecessor-version":[{"id":214,"href":"https:\/\/www.rejman.cz\/index.php?rest_route=\/wp\/v2\/pages\/12\/revisions\/214"}],"wp:attachment":[{"href":"https:\/\/www.rejman.cz\/index.php?rest_route=%2Fwp%2Fv2%2Fmedia&parent=12"}],"curies":[{"name":"wp","href":"https:\/\/api.w.org\/{rel}","templated":true}]}}