{"id":13,"date":"2013-08-26T17:12:31","date_gmt":"2013-08-26T17:12:31","guid":{"rendered":"http:\/\/rejman.cz\/?page_id=13"},"modified":"2024-02-05T13:46:33","modified_gmt":"2024-02-05T13:46:33","slug":"pravnici","status":"publish","type":"page","link":"https:\/\/www.rejman.cz\/?page_id=13","title":{"rendered":"Pr\u00e1vn\u00edci"},"content":{"rendered":"\n<h3 id=\"daniel-rejman-mgr-nar-1971-advokat-cak-c-4805\"><span style=\"font-family: Arial, 'Arial Unicode MS', Helvetica, sans-serif;\"><span style=\"font-weight: bold;\">Daniel Rejman<\/span>, Mgr. (nar. 1971), advok\u00e1t, \u010cAK \u010d. 4805<\/span><\/h3>\n\n\n\n<p><span style=\"font-family: Arial, 'Arial Unicode MS', Helvetica, sans-serif;\"> B\u011bhem vysoko\u0161kolsk\u00e9ho studia pracoval kr\u00e1tce v advok\u00e1tn\u00ed kancel\u00e1\u0159i Felix&nbsp;&amp; spol., Praha (1994) a v advok\u00e1tn\u00ed kancel\u00e1\u0159i Luhan &amp; spol.,&nbsp;Lys\u00e1 nad Labem (1994-1995). Po studiu na <span style=\"font-weight: bold;\">Pr\u00e1vnick\u00e9 fakult\u011b Univerzity&nbsp;Karlovy v Praze (1995)<\/span> p\u016fsobil jako koncipient v advok\u00e1tn\u00ed kancel\u00e1\u0159i&nbsp;<span style=\"font-weight: bold;\">Sodomka &amp; Sou\u010dek<\/span>, Praha <span style=\"font-weight: bold;\">(1995-1999)<\/span>. <span style=\"font-weight: bold;\">Advok\u00e1tem od 1.1.1999<\/span>. Po&nbsp;slo\u017een\u00ed advok\u00e1tn\u00ed zkou\u0161ky kr\u00e1tce p\u016fsobil jako advok\u00e1t u v\u00fd\u0161e uveden\u00e9&nbsp;kancel\u00e1\u0159e a pot\u00e9 spolupracoval s advok\u00e1tn\u00ed kancel\u00e1\u0159\u00ed <span style=\"font-weight: bold;\">C\u00edsa\u0159, \u010ce\u0161ka,&nbsp;Smutn\u00fd a spol.<\/span>, Praha (<span style=\"font-weight: bold;\">1999-2002<\/span>). V roce <span style=\"font-weight: bold;\">2002 zalo\u017eil vlastn\u00ed kancel\u00e1\u0159&nbsp;<\/span>poskytuj\u00edc\u00ed pr\u00e1vn\u00ed slu\u017eby dom\u00e1c\u00ed i zahrani\u010dn\u00ed klientele, podnikatelsk\u00fdm i&nbsp;nepodnikatelsk\u00fdm subjekt\u016fm. Hlavn\u00ed oblasti \u010dinnosti tvo\u0159\u00ed <span style=\"font-weight: bold;\">obchodn\u00ed a&nbsp;firemn\u00ed pr\u00e1vo, nemovitosti, investice a akvizice, procesn\u00ed agenda,&nbsp;poradenstv\u00ed managementu<\/span>. Je \u010dlenem \u010cesk\u00e9 advok\u00e1tn\u00ed komory. Sv\u00e9 znalosti&nbsp;si d\u00e1le prohluboval \u00fa\u010dast\u00ed na r\u016fzn\u00fdch odborn\u00fdch semin\u00e1\u0159\u00edch a&nbsp;konferenc\u00edch, z nich\u017e lze jmenovat zejm\u00e9na \u201eOchrann\u00e9 zn\u00e1mky\u201c (1996, \u00da\u0159ad&nbsp;pr\u016fmyslov\u00e9ho vlastnictv\u00ed v Praze), \u201eRozhod\u010d\u00ed \u0159\u00edzen\u00ed\u201c (2000, \u010cesk\u00e1&nbsp;advok\u00e1tn\u00ed komora a The Chartered Institute of Arbitration z Lond\u00fdna) a&nbsp;\u201eJoint-venture\u201c (2003, Mezin\u00e1rodn\u00ed unie advok\u00e1t\u016f a \u010cesk\u00e1 advok\u00e1tn\u00ed&nbsp;komora).<\/span><\/p>\n\n\n\n<p><span style=\"font-family: Arial, 'Arial Unicode MS', Helvetica, sans-serif;\">V r\u00e1mci sv\u00e9 \u010dinnosti se tak\u00e9 v\u011bnuje <span style=\"font-weight: bold;\">p\u0159edn\u00e1\u0161kov\u00e9&nbsp;\u010dinnosti se zam\u011b\u0159en\u00ed na problematiku zahrani\u010dn\u00edch investic, obchodn\u00edho&nbsp;pr\u00e1va a exportu<\/span>. Ve spolupr\u00e1ci s extern\u00edmi kolegy p\u0159ipravil v roce 2004&nbsp;pro exportn\u00ed agenturu CzechTrade cyklus semin\u00e1\u0159\u016f \u201e<span style=\"font-weight: bold;\">Pr\u00e1vn\u00ed minimum&nbsp;export\u00e9ra<\/span>\u201c (PME) skl\u00e1daj\u00edc\u00ed se z celodenn\u00edch semin\u00e1\u0159\u016f v\u011bnovan\u00fdch t\u00e9mat\u016fm&nbsp;typu \u201eP\u0159\u00edstup na zahrani\u010dn\u00ed trhy\u201c, \u201eSmluvn\u00ed vztah se zahrani\u010dn\u00edm&nbsp;partnerem\u201c, \u201eOchrana du\u0161evn\u00edho vlastnictv\u00ed\u201c a \u201eKonkuren\u010dn\u00ed prost\u0159ed\u00ed,&nbsp;z\u00e1kazn\u00edk, zam\u011bstnanci, spory\u201c. Cyklus PME byl realizov\u00e1n rovn\u011b\u017e v roce&nbsp;2005. Rovn\u011b\u017e <span style=\"font-weight: bold;\">p\u0159isp\u011bl n\u011bkter\u00fdmi \u010dl\u00e1nky i pro ofici\u00e1ln\u00ed port\u00e1l pro&nbsp;podnik\u00e1n\u00ed a pro export (www.businessinfo.cz)<\/span>.<\/span><\/p>\n\n\n\n<p><span style=\"font-family: Arial, 'Arial Unicode MS', Helvetica, sans-serif;\">Absolvoval&nbsp;<span style=\"font-weight: bold;\">media\u010dn\u00ed vzd\u011bl\u00e1vac\u00ed program<\/span> organizovan\u00fd \u010ceskou advok\u00e1tn\u00ed komorou a&nbsp;Bruselskou advok\u00e1tn\u00ed komorou (grantov\u00fd projekt \u201eEuropean Experience in&nbsp;mediation and its implementation in the Czech legal environment\u201c)&nbsp;zavr\u0161en\u00fd media\u010dn\u00ed zkou\u0161kou. Media\u010dn\u00ed techniky si d\u00e1le prohloubil v r\u00e1mci&nbsp;kurzu <span style=\"font-weight: bold;\">Obchodn\u00ed mediace (Business Mediation) po\u0159\u00e1dan\u00e9ho rovn\u011b\u017e \u010cAK<\/span>.&nbsp;\u00da\u010dastn\u00ed se \u010dinnosti sekce ADR (Alternative Dispute Resolution\/&nbsp;alternativn\u00ed \u0159e\u0161en\u00ed sporu) p\u0159i \u010cAK. Hovo\u0159\u00ed \u010desky a anglicky.<\/span><\/p>\n\n\n\n<ul><li><em>Tel.: (+420) 606&nbsp;853&nbsp;095<\/em><\/li><li><em>E-mail: <\/em><a href=\"mailto:counsel@rejman.cz\">counsel@rejman.cz<\/a><\/li><\/ul>\n\n\n\n<p>&nbsp;<\/p>\n","protected":false},"excerpt":{"rendered":"<p>Daniel Rejman, Mgr. (nar. 1971), advok\u00e1t, \u010cAK \u010d. 4805 B\u011bhem vysoko\u0161kolsk\u00e9ho studia pracoval kr\u00e1tce v advok\u00e1tn\u00ed kancel\u00e1\u0159i Felix&nbsp;&amp; spol., Praha (1994) a v advok\u00e1tn\u00ed kancel\u00e1\u0159i Luhan &amp; spol.,&nbsp;Lys\u00e1 nad Labem (1994-1995). Po studiu na Pr\u00e1vnick\u00e9 fakult\u011b Univerzity&nbsp;Karlovy v Praze (1995) p\u016fsobil jako koncipient v advok\u00e1tn\u00ed kancel\u00e1\u0159i&nbsp;Sodomka &amp; Sou\u010dek, Praha (1995-1999). Advok\u00e1tem od 1.1.1999. Po&nbsp;slo\u017een\u00ed advok\u00e1tn\u00ed [&hellip;]<\/p>\n","protected":false},"author":1,"featured_media":0,"parent":0,"menu_order":3,"comment_status":"closed","ping_status":"closed","template":"","meta":[],"_links":{"self":[{"href":"https:\/\/www.rejman.cz\/index.php?rest_route=\/wp\/v2\/pages\/13"}],"collection":[{"href":"https:\/\/www.rejman.cz\/index.php?rest_route=\/wp\/v2\/pages"}],"about":[{"href":"https:\/\/www.rejman.cz\/index.php?rest_route=\/wp\/v2\/types\/page"}],"author":[{"embeddable":true,"href":"https:\/\/www.rejman.cz\/index.php?rest_route=\/wp\/v2\/users\/1"}],"replies":[{"embeddable":true,"href":"https:\/\/www.rejman.cz\/index.php?rest_route=%2Fwp%2Fv2%2Fcomments&post=13"}],"version-history":[{"count":18,"href":"https:\/\/www.rejman.cz\/index.php?rest_route=\/wp\/v2\/pages\/13\/revisions"}],"predecessor-version":[{"id":294,"href":"https:\/\/www.rejman.cz\/index.php?rest_route=\/wp\/v2\/pages\/13\/revisions\/294"}],"wp:attachment":[{"href":"https:\/\/www.rejman.cz\/index.php?rest_route=%2Fwp%2Fv2%2Fmedia&parent=13"}],"curies":[{"name":"wp","href":"https:\/\/api.w.org\/{rel}","templated":true}]}}