{"id":14,"date":"2013-08-26T17:12:32","date_gmt":"2013-08-26T17:12:32","guid":{"rendered":"http:\/\/rejman.cz\/?page_id=14"},"modified":"2022-01-31T19:18:02","modified_gmt":"2022-01-31T19:18:02","slug":"specializace","status":"publish","type":"page","link":"https:\/\/www.rejman.cz\/?page_id=14","title":{"rendered":"Specializace"},"content":{"rendered":"\n<p><span style=\"font-family: Arial, 'Arial Unicode MS', Helvetica, sans-serif;\">Klient\u016fm jsou poskytov\u00e1ny komplexn\u00ed pr\u00e1vn\u00ed slu\u017eby v \u010desk\u00e9m nebo anglick\u00e9m jazyce zejm\u00e9na v n\u00ed\u017ee uveden\u00fdch oblastech:<\/span><\/p>\n\n\n\n<h3 id=\"korporatni-agenda\">Korpor\u00e1tn\u00ed agenda<\/h3>\n\n\n\n<ul><li><span style=\"line-height: 19px;\">zakl\u00e1d\u00e1n\u00ed obchodn\u00edch spole\u010dnost\u00ed, organiza\u010dn\u00edch slo\u017eek<\/span><\/li><li><span style=\"line-height: 19px;\">realizace rejst\u0159\u00edkov\u00fdch zm\u011bn a pr\u00e1vn\u00ed asistence p\u0159i kon\u00e1n\u00ed valn\u00fdch hromad<\/span><\/li><li><a href=\"http:\/\/rejman.cz\/wp-content\/uploads\/2013\/08\/schema-zalozeni-pobocky.doc\">Zalo\u017een\u00ed zahrani\u010dn\u00ed pobo\u010dky<\/a><\/li><\/ul>\n\n\n\n<h3 id=\"smluvni-agenda\">Smluvn\u00ed agenda<\/h3>\n\n\n\n<ul><li><span style=\"line-height: 19px;\">p\u0159\u00edprava a revize smluvn\u00edch dokument\u016f z mnoha oblast\u00ed pr\u00e1va<\/span><\/li><li><a href=\"http:\/\/rejman.cz\/wp-content\/uploads\/2013\/09\/mezinarodni-kupni-smlouva.doc\">Mezin\u00e1rodn\u00ed kupn\u00ed smlouva \/ desatero pro uzav\u00edr\u00e1n\u00ed smlouvy<\/a><\/li><\/ul>\n\n\n\n<h3 id=\"nemovitosti\">Nemovitosti<\/h3>\n\n\n\n<ul><li><span style=\"line-height: 19px;\">zastupov\u00e1n\u00ed prod\u00e1vaj\u00edc\u00edho nebo kupuj\u00edc\u00edho<\/span><\/li><li style=\"line-height: 150%;\"><span style=\"line-height: 19px;\">zastupov\u00e1n\u00ed pronaj\u00edmatele \u010di n\u00e1jemce<\/span><\/li><li style=\"line-height: 150%;\"><span style=\"line-height: 19px;\">p\u0159\u00edprava kupn\u00edch \u010di n\u00e1jemn\u00edch smluv (byty, budovy, pozemky, nebytov\u00e9 prostory)<\/span><\/li><li style=\"line-height: 150%;\"><span style=\"line-height: 19px;\">smlouvy o p\u0159evodu \u010dlensk\u00fdch pr\u00e1v (dru\u017estevn\u00ed byty) a p\u0159\u00edprava prohl\u00e1\u0161en\u00ed vlastn\u00edk\u016f<\/span><\/li><li style=\"line-height: 150%;\"><span style=\"line-height: 19px;\">pr\u00e1vn\u00ed servis pro realitn\u00ed kancel\u00e1\u0159e, spole\u010denstv\u00ed vlastn\u00edk\u016f nebo bytov\u00e1 dru\u017estva<\/span><\/li><li style=\"line-height: 150%;\"><span style=\"line-height: 19px;\">pr\u00e1vn\u00ed podpora developersk\u00fdch projekt\u016f<\/span><\/li><li style=\"line-height: 150%;\"><span style=\"line-height: 19px;\">\u0159e\u0161en\u00ed vztah\u016f k nemovitostem (vypo\u0159\u00e1d\u00e1n\u00ed\/d\u011blen\u00ed) \u2013 nap\u0159. z d\u016fvodu rozvodu, ukon\u010den\u00ed sdru\u017een\u00ed atd.<\/span><\/li><li style=\"line-height: 150%;\"><span style=\"line-height: 19px;\">advok\u00e1tn\u00ed \u00faschovy pen\u011b\u017en\u00edch prost\u0159edk\u016f a listin<\/span><\/li><\/ul>\n\n\n\n<h3 id=\"obchodni-transakce-a-akvizice\">Obchodn\u00ed transakce a akvizice<\/h3>\n\n\n\n<ul><li><span style=\"line-height: 19px;\">pr\u00e1vn\u00ed audity (due diligence)<\/span><\/li><li><span style=\"line-height: 19px;\">p\u0159\u00edprava smluvn\u00ed dokumentace<\/span><\/li><li><span style=\"line-height: 19px;\">zastupov\u00e1n\u00ed strany kupuj\u00edc\u00ed nebo strany prod\u00e1vaj\u00edc\u00ed<\/span><\/li><\/ul>\n\n\n\n<h3 id=\"reseni-sporu\">\u0158e\u0161en\u00ed spor\u016f<\/h3>\n\n\n\n<ul><li><span style=\"line-height: 19px;\">soudn\u00ed \u0159\u00edzen\u00ed; rozhod\u010d\u00ed \u0159\u00edzen\u00ed; mediace<\/span><\/li><li><span style=\"line-height: 19px;\"><a href=\"http:\/\/rejman.cz\/wp-content\/uploads\/2013\/09\/srovnani-soudniho-a-rozhodciho-rizeni.doc\">Srovn\u00e1n\u00ed soudn\u00edho a rozhod\u010d\u00edho \u0159\u00edzen\u00ed<\/a><\/span><\/li><li><span style=\"line-height: 19px;\"><a href=\"http:\/\/rejman.cz\/wp-content\/uploads\/2013\/08\/mediace-info-2.doc\">Mediace ve zkratce<\/a><\/span><\/li><\/ul>\n\n\n\n<h3 id=\"sprava-pohledavek\">Spr\u00e1va pohled\u00e1vek<\/h3>\n\n\n\n<ul><li><span style=\"line-height: 19px;\"><a href=\"http:\/\/rejman.cz\/wp-content\/uploads\/2013\/08\/diagram-vymahani-pohledavek.doc\">Vym\u00e1h\u00e1n\u00ed pohled\u00e1vek<\/a><\/span><\/li><\/ul>\n\n\n\n<h3 id=\"pracovni-pravo\">Pracovn\u00ed pr\u00e1vo<\/h3>\n\n\n\n<ul><li><span style=\"line-height: 19px;\">pracovn\u00ed smlouvy; zm\u011bny a ukon\u010den\u00ed pracovn\u00edho pom\u011bru<\/span><\/li><li><span style=\"line-height: 19px;\">odpov\u011bdnost za \u0161kodu<\/span><\/li><li><span style=\"line-height: 19px;\">ochrana pr\u00e1v a z\u00e1jm\u016f zam\u011bstnavatele nebo zam\u011bstnanc\u016f v pracovn\u00edch vztaz\u00edch<\/span><\/li><li><span style=\"line-height: 19px;\">pracovn\u00ed spory a jejich prevence<\/span><\/li><\/ul>\n\n\n\n<h3 id=\"rodinne-pravo\">Rodinn\u00e9 pr\u00e1vo<\/h3>\n\n\n\n<ul><li style=\"line-height: 150%;\"><span style=\"line-height: 19px;\">rozvody man\u017eelstv\u00ed; vypo\u0159\u00e1d\u00e1n\u00ed SJM<\/span><\/li><\/ul>\n\n\n\n<h3 id=\"aliance-a-joint-venture\">Aliance a joint-venture<\/h3>\n\n\n\n<ul><li style=\"line-height: 150%;\"><span style=\"font-family: Arial, 'Arial Unicode MS', Helvetica, sans-serif; line-height: 19px;\">aliance a sdru\u017eov\u00e1n\u00ed nez\u00e1visl\u00fdch podnikatel\u016f k dosa\u017een\u00ed spole\u010dn\u00e9ho c\u00edle<\/span><\/li><li style=\"line-height: 150%;\"><span style=\"font-family: Arial, 'Arial Unicode MS', Helvetica, sans-serif; line-height: 19px;\">joint-venture (spole\u010dn\u00fd podnik)<\/span><\/li><li style=\"line-height: 150%;\"><span style=\"font-family: Arial, 'Arial Unicode MS', Helvetica, sans-serif; line-height: 19px;\"><a href=\"http:\/\/rejman.cz\/wp-content\/uploads\/2013\/08\/schema-joint-venture.doc\">Joint-venture<\/a><\/span><\/li><\/ul>\n\n\n\n<h3 id=\"outsourcing\">Outsourcing<\/h3>\n\n\n\n<ul><li style=\"line-height: 150%;\"><span style=\"font-family: Arial, 'Arial Unicode MS', Helvetica, sans-serif; line-height: 19px;\">pr\u00e1vn\u00ed zabezpe\u010den\u00ed p\u0159esunu vedlej\u0161\u00edch \u010dinnost\u00ed na extern\u00ed dodavatele<\/span><\/li><\/ul>\n\n\n\n<h3 id=\"poradenstvi-managementu\">Poradenstv\u00ed managementu<\/h3>\n\n\n\n<ul><li style=\"line-height: 150%;\"><span style=\"font-family: Arial, 'Arial Unicode MS', Helvetica, sans-serif; line-height: 19px;\">ochrana statut\u00e1rn\u00edch org\u00e1n\u016f a managementu v souvislosti s povinnost\u00ed jednat s odbornou p\u00e9\u010d\u00ed (\u0159\u00e1dn\u00e1 spr\u00e1va)<\/span><\/li><\/ul>\n","protected":false},"excerpt":{"rendered":"<p>Klient\u016fm jsou poskytov\u00e1ny komplexn\u00ed pr\u00e1vn\u00ed slu\u017eby v \u010desk\u00e9m nebo anglick\u00e9m jazyce zejm\u00e9na v n\u00ed\u017ee uveden\u00fdch oblastech: Korpor\u00e1tn\u00ed agenda zakl\u00e1d\u00e1n\u00ed obchodn\u00edch spole\u010dnost\u00ed, organiza\u010dn\u00edch slo\u017eek realizace rejst\u0159\u00edkov\u00fdch zm\u011bn a pr\u00e1vn\u00ed asistence p\u0159i kon\u00e1n\u00ed valn\u00fdch hromad Zalo\u017een\u00ed zahrani\u010dn\u00ed pobo\u010dky Smluvn\u00ed agenda p\u0159\u00edprava a revize smluvn\u00edch dokument\u016f z mnoha oblast\u00ed pr\u00e1va Mezin\u00e1rodn\u00ed kupn\u00ed smlouva \/ desatero pro uzav\u00edr\u00e1n\u00ed smlouvy [&hellip;]<\/p>\n","protected":false},"author":1,"featured_media":0,"parent":0,"menu_order":4,"comment_status":"closed","ping_status":"closed","template":"","meta":[],"_links":{"self":[{"href":"https:\/\/www.rejman.cz\/index.php?rest_route=\/wp\/v2\/pages\/14"}],"collection":[{"href":"https:\/\/www.rejman.cz\/index.php?rest_route=\/wp\/v2\/pages"}],"about":[{"href":"https:\/\/www.rejman.cz\/index.php?rest_route=\/wp\/v2\/types\/page"}],"author":[{"embeddable":true,"href":"https:\/\/www.rejman.cz\/index.php?rest_route=\/wp\/v2\/users\/1"}],"replies":[{"embeddable":true,"href":"https:\/\/www.rejman.cz\/index.php?rest_route=%2Fwp%2Fv2%2Fcomments&post=14"}],"version-history":[{"count":12,"href":"https:\/\/www.rejman.cz\/index.php?rest_route=\/wp\/v2\/pages\/14\/revisions"}],"predecessor-version":[{"id":226,"href":"https:\/\/www.rejman.cz\/index.php?rest_route=\/wp\/v2\/pages\/14\/revisions\/226"}],"wp:attachment":[{"href":"https:\/\/www.rejman.cz\/index.php?rest_route=%2Fwp%2Fv2%2Fmedia&parent=14"}],"curies":[{"name":"wp","href":"https:\/\/api.w.org\/{rel}","templated":true}]}}