{"id":141,"date":"2018-05-28T08:58:02","date_gmt":"2018-05-28T08:58:02","guid":{"rendered":"http:\/\/www.rejman.cz\/?page_id=141"},"modified":"2022-01-31T20:08:19","modified_gmt":"2022-01-31T20:08:19","slug":"gdpr","status":"publish","type":"page","link":"https:\/\/www.rejman.cz\/?page_id=141","title":{"rendered":"GDPR"},"content":{"rendered":"\n<p><strong>Ochrana klientsk\u00fdch osobn\u00edch \u00fadaj\u016f podle GDPR od 25.5.2018<\/strong><\/p>\n\n\n\n<p><strong>1) Ochrana osobn\u00edch \u00fadaj\u016f<\/strong><\/p>\n\n\n\n<p>Advok\u00e1t se jako\u017eto spr\u00e1vce osobn\u00edch \u00fadaj\u016f, kter\u00e9 mu budou klientem poskytnuty, zavazuje, \u017ee bude tyto osobn\u00ed \u00fadaje zpracov\u00e1vat v souladu s&nbsp;pr\u00e1vn\u00edmi p\u0159edpisy, p\u0159edev\u0161\u00edm se z\u00e1konem \u010d. 85\/1996 Sb. (Z\u00e1kon o advokacii) a&nbsp;Na\u0159\u00edzen\u00edm Evropsk\u00e9ho parlamentu a Rady (EU) 2016\/679 ze dne 27. dubna 2016 o&nbsp;ochran\u011b fyzick\u00fdch osob v souvislosti se zpracov\u00e1n\u00edm osobn\u00edch \u00fadaj\u016f a o voln\u00e9m pohybu t\u011bchto \u00fadaj\u016f a o zru\u0161en\u00ed sm\u011brnice 95\/46\/ES. (d\u00e1le jen \u201eGDPR\u201c)<\/p>\n\n\n\n<p><strong>2) Informace pro klienta p\u0159i p\u0159ijet\u00ed osobn\u00edch \u00fadaj\u016f advok\u00e1tem<\/strong><\/p>\n\n\n\n<p><em><strong><u>Spr\u00e1vce osobn\u00edch \u00fadaj\u016f<\/u><\/strong><\/em><\/p>\n\n\n\n<ul><li><strong>REJMAN advok\u00e1ti s.r.o.<\/strong><\/li><li><strong>I\u010c:<\/strong>14034395, <strong>DI\u010c:<\/strong> CZ14034395<\/li><li><strong>Adresa s\u00eddla:<\/strong> U Pra\u0161n\u00e9 br\u00e1ny 1079\/3, 110 00 Praha 1<\/li><li><strong>Obchodn\u00ed rejst\u0159\u00edk:<\/strong> M\u011bstsk\u00fd soud v Praze, odd\u00edl C, vlo\u017eka 359272<\/li><li><strong>E-mail:<\/strong> counsel@rejman.cz<\/li><li><strong>Tel:<\/strong> 222\u00a0233\u00a0317, 606\u00a0853\u00a0095<\/li><\/ul>\n\n\n\n<p><em><strong><u>Pr\u00e1vn\u00ed z\u00e1klad pro zpracov\u00e1n\u00ed<\/u><\/strong><\/em><br>Smlouva o poskytov\u00e1n\u00ed pr\u00e1vn\u00edch slu\u017eeb mezi advok\u00e1tem a klientem (d\u00e1le jen \u201eSmlouva\u201c).<br>Poskytov\u00e1n\u00ed osobn\u00edch \u00fadaj\u016f je povinnost\u00ed klienta a takov\u00e1 povinnost vypl\u00fdv\u00e1 ze Smlouvy.<\/p>\n\n\n\n<p><em><strong><u>\u00da\u010del zpracov\u00e1n\u00ed<\/u><\/strong><\/em><br>Poskytov\u00e1n\u00ed pr\u00e1vn\u00edch slu\u017eeb podle Smlouvy.<\/p>\n\n\n\n<p><em><strong><u>P\u0159\u00edjemci osobn\u00edch \u00fadaj\u016f<\/u><\/strong><\/em><\/p>\n\n\n\n<ul><li>Org\u00e1ny ve\u0159ejn\u00e9 moci (nap\u0159. soudy, spr\u00e1vn\u00ed org\u00e1ny)<\/li><li>Poskytovatel\u00e9 \u00fadr\u017eby informa\u010dn\u00edho syst\u00e9mu<\/li><li>Dal\u0161\u00ed p\u0159\u00edjemci podle pot\u0159eb a pokyn\u016f klienta<\/li><\/ul>\n\n\n\n<p><em><strong><u>Doba zpracov\u00e1n\u00ed osobn\u00edch \u00fadaj\u016f<\/u><\/strong><\/em><br>Osobn\u00ed \u00fadaje budou zpracov\u00e1v\u00e1ny po dobu platnosti Smlouvy a po jej\u00edm skon\u010den\u00ed s&nbsp;nimi bude nalo\u017eeno podle platn\u00e9 pr\u00e1vn\u00ed \u00fapravy, zejm. Z\u00e1kona o advokacii, z\u00e1kona \u010d.&nbsp;499\/2004 Sb. (z\u00e1kon o archivnictv\u00ed a spisov\u00e9 slu\u017eb\u011b a&nbsp;o&nbsp;zm\u011bn\u011b n\u011bkter\u00fdch z\u00e1kon\u016f) a GDPR.<\/p>\n\n\n\n<p><em><strong><u>Pr\u00e1va klienta<\/u><\/strong><\/em><\/p>\n\n\n\n<ul><li><strong>Pr\u00e1vo na p\u0159\u00edstup<\/strong> k&nbsp;osobn\u00edm \u00fadaj\u016fm znamen\u00e1, \u017ee klient m\u00e1 pr\u00e1vo od spr\u00e1vce \u2013 advok\u00e1ta z\u00edskat informace o tom, zda zpracov\u00e1v\u00e1 jeho osobn\u00ed \u00fadaje, a pokud ano, o jak\u00e9 \u00fadaje se&nbsp;jedn\u00e1 a jak\u00fdm zp\u016fsobem jsou zpracov\u00e1v\u00e1ny. Klient m\u00e1 tak\u00e9 pr\u00e1vo, aby spr\u00e1vce-advok\u00e1t bez zbyte\u010dn\u00e9ho odkladu opravil na jeho \u017e\u00e1dost nep\u0159esn\u00e9 osobn\u00ed \u00fadaje, kter\u00e9 se ho t\u00fdkaj\u00ed. Ne\u00fapln\u00e9 osobn\u00ed \u00fadaje m\u00e1 klient pr\u00e1vo kdykoli doplnit.<\/li><li><strong>Pr\u00e1vo na v\u00fdmaz<\/strong> osobn\u00edch \u00fadaj\u016f p\u0159edstavuje jin\u00fdmi slovy vyj\u00e1d\u0159enou povinnost spr\u00e1vce \u2013 advok\u00e1ta zlikvidovat osobn\u00ed \u00fadaje, kter\u00e9 o klientovi zpracov\u00e1v\u00e1, pokud jsou spln\u011bny ur\u010dit\u00e9 podm\u00ednky a klient o&nbsp;to po\u017e\u00e1d\u00e1.<br>Klient m\u00e1 pr\u00e1vo, aby spr\u00e1vce \u2013 advok\u00e1t v ur\u010dit\u00fdch p\u0159\u00edpadech omezil zpracov\u00e1n\u00ed jeho osobn\u00edch \u00fadaj\u016f. Proti zpracov\u00e1n\u00ed, kter\u00e9 je zalo\u017eeno na opr\u00e1vn\u011bn\u00fdch z\u00e1jmech spr\u00e1vce \u2013 advok\u00e1ta, t\u0159et\u00ed strany nebo je nezbytn\u00e9 pro spln\u011bn\u00ed \u00fakolu prov\u00e1d\u011bn\u00e9ho ve ve\u0159ejn\u00e9m z\u00e1jmu nebo p\u0159i v\u00fdkonu ve\u0159ejn\u00e9 moci, m\u00e1 klient pr\u00e1vo kdykoli vzn\u00e9st n\u00e1mitku.<\/li><li><strong>Pr\u00e1vo na p\u0159enositelnost<\/strong> \u00fadaj\u016f d\u00e1v\u00e1 klientovi mo\u017enost z\u00edskat osobn\u00ed \u00fadaje, kter\u00e9 spr\u00e1vci poskytl, v&nbsp;b\u011b\u017en\u00e9m a strojov\u011b \u010diteln\u00e9m form\u00e1tu. Tyto \u00fadaje m\u016f\u017ee n\u00e1sledn\u011b p\u0159edat jin\u00e9mu spr\u00e1vci, nebo pokud je to technicky mo\u017en\u00e9, \u017e\u00e1dat, aby si je spr\u00e1vci p\u0159edali mezi sebou.<\/li><li><strong>Pr\u00e1vo kdykoli odvolat souhlas<\/strong> se zpracov\u00e1n\u00edm osobn\u00edch \u00fadaj\u016f se neuplatn\u00ed, jeliko\u017e osobn\u00ed \u00fadaje klienta jsou zpracov\u00e1v\u00e1ny z d\u016fvodu pln\u011bn\u00ed smlouvy uzav\u0159en\u00e9 s klientem, nikoli na z\u00e1klad\u011b souhlasu se zpracov\u00e1n\u00edm.<\/li><li>V p\u0159\u00edpad\u011b, \u017ee bude klient jakkoli nespokojen se zpracov\u00e1n\u00edm sv\u00fdch osobn\u00edch \u00fadaj\u016f prov\u00e1d\u011bn\u00e9 spr\u00e1vcem \u2013 advok\u00e1tem, m\u016f\u017ee podat st\u00ed\u017enost p\u0159\u00edmo jemu, nebo <strong>se obr\u00e1tit na&nbsp;\u00da\u0159ad pro ochranu osobn\u00edch \u00fadaj\u016f<\/strong>.<br>Informace o klientsk\u00fdch pr\u00e1vech je k dispozici na internetov\u00fdch str\u00e1nk\u00e1ch \u00da\u0159adu pro ochranu osobn\u00edch \u00fadaj\u016f. (<a href=\"https:\/\/www.uoou.cz\/6-prava-subjektu-udaj\/d-27276\" target=\"_blank\" rel=\"noopener\">https:\/\/www.uoou.cz\/6-prava-subjektu-udaj\/d-27276<\/a>)<\/li><\/ul>\n","protected":false},"excerpt":{"rendered":"<p>Ochrana klientsk\u00fdch osobn\u00edch \u00fadaj\u016f podle GDPR od 25.5.2018 1) Ochrana osobn\u00edch \u00fadaj\u016f Advok\u00e1t se jako\u017eto spr\u00e1vce osobn\u00edch \u00fadaj\u016f, kter\u00e9 mu budou klientem poskytnuty, zavazuje, \u017ee bude tyto osobn\u00ed \u00fadaje zpracov\u00e1vat v souladu s&nbsp;pr\u00e1vn\u00edmi p\u0159edpisy, p\u0159edev\u0161\u00edm se z\u00e1konem \u010d. 85\/1996 Sb. (Z\u00e1kon o advokacii) a&nbsp;Na\u0159\u00edzen\u00edm Evropsk\u00e9ho parlamentu a Rady (EU) 2016\/679 ze dne 27. dubna 2016 [&hellip;]<\/p>\n","protected":false},"author":1,"featured_media":0,"parent":0,"menu_order":0,"comment_status":"closed","ping_status":"closed","template":"","meta":[],"_links":{"self":[{"href":"https:\/\/www.rejman.cz\/index.php?rest_route=\/wp\/v2\/pages\/141"}],"collection":[{"href":"https:\/\/www.rejman.cz\/index.php?rest_route=\/wp\/v2\/pages"}],"about":[{"href":"https:\/\/www.rejman.cz\/index.php?rest_route=\/wp\/v2\/types\/page"}],"author":[{"embeddable":true,"href":"https:\/\/www.rejman.cz\/index.php?rest_route=\/wp\/v2\/users\/1"}],"replies":[{"embeddable":true,"href":"https:\/\/www.rejman.cz\/index.php?rest_route=%2Fwp%2Fv2%2Fcomments&post=141"}],"version-history":[{"count":18,"href":"https:\/\/www.rejman.cz\/index.php?rest_route=\/wp\/v2\/pages\/141\/revisions"}],"predecessor-version":[{"id":282,"href":"https:\/\/www.rejman.cz\/index.php?rest_route=\/wp\/v2\/pages\/141\/revisions\/282"}],"wp:attachment":[{"href":"https:\/\/www.rejman.cz\/index.php?rest_route=%2Fwp%2Fv2%2Fmedia&parent=141"}],"curies":[{"name":"wp","href":"https:\/\/api.w.org\/{rel}","templated":true}]}}