{"id":15,"date":"2013-08-26T17:12:33","date_gmt":"2013-08-26T17:12:33","guid":{"rendered":"http:\/\/rejman.cz\/?page_id=15"},"modified":"2022-01-31T19:23:32","modified_gmt":"2022-01-31T19:23:32","slug":"kancelar","status":"publish","type":"page","link":"https:\/\/www.rejman.cz\/?page_id=15","title":{"rendered":"Kancel\u00e1\u0159"},"content":{"rendered":"\n<div class=\"wp-block-image\"><figure class=\"alignright size-full is-resized\"><a href=\"http:\/\/www.rejman.cz\/wp-content\/uploads\/2013\/08\/foto-chodnik-pred-budovou-large.jpg\"><img loading=\"lazy\" src=\"http:\/\/www.rejman.cz\/wp-content\/uploads\/2013\/08\/foto-chodnik-pred-budovou-large.jpg\" alt=\"\" class=\"wp-image-6 colorbox-15\" width=\"237\" height=\"357\" srcset=\"https:\/\/www.rejman.cz\/wp-content\/uploads\/2013\/08\/foto-chodnik-pred-budovou-large.jpg 425w, https:\/\/www.rejman.cz\/wp-content\/uploads\/2013\/08\/foto-chodnik-pred-budovou-large-199x300.jpg 199w\" sizes=\"(max-width: 237px) 100vw, 237px\" \/><\/a><\/figure><\/div>\n\n\n\n<p><span style=\"font-family: Arial, 'Arial Unicode MS', Helvetica, sans-serif;\">Kancel\u00e1\u0159 je um\u00edst\u011bna v pam\u00e1tkov\u011b chr\u00e1n\u011bn\u00e9 secesn\u00ed budov\u011b v sam\u00e9m historick\u00e9m centru Prahy (asi 3 minuty ch\u016fze od Starom\u011bstsk\u00e9ho n\u00e1m\u011bst\u00ed) bezprost\u0159edn\u011b za budovou Obecn\u00edho domu a v sousedstv\u00ed Pra\u0161n\u00e9 br\u00e1ny, s dobrou dostupnost\u00ed MHD (metro B \u2013 stanice N\u00e1m\u011bst\u00ed republiky, tram). V p\u0159\u00edpad\u011b p\u0159\u00edjezdu autem doporu\u010dujeme vyu\u017e\u00edt parkovi\u0161\u0165 bl\u00edzk\u00e9ho obchodn\u00edho centra Palladium nebo obchodn\u00edho domu Kotva, pop\u0159\u00edpad\u011b v hotel\u00edch Marriott \u010di Hilton Prague Old Town. Pobl\u00ed\u017e kancel\u00e1\u0159e je stanovi\u0161t\u011b expresn\u00ed linky spojuj\u00edc\u00ed centrum s leti\u0161t\u011bm. Kancel\u00e1\u0159 je situov\u00e1na asi 5 minut ch\u016fze od Masarykovo n\u00e1dra\u017e\u00ed a asi 10 minut ch\u016fze od Hlavn\u00edho n\u00e1dra\u017e\u00ed, \u010d\u00edm\u017e je zaji\u0161t\u011bna dobr\u00e1 dostupnost vnitrost\u00e1tn\u00edmi i zahrani\u010dn\u00edmi vlakov\u00fdmi spoji. Do 10 minut ch\u016fze je um\u00edst\u011bn i autobusov\u00fd termin\u00e1l Florenc (metro B).<\/span><\/p>\n\n\n\n<div class=\"wp-block-image\"><figure class=\"alignleft size-full is-resized\"><a href=\"http:\/\/www.rejman.cz\/wp-content\/uploads\/2013\/08\/foto-vchod-budova-s-pootevrenou-mrizi-large.jpg\"><img loading=\"lazy\" src=\"http:\/\/www.rejman.cz\/wp-content\/uploads\/2013\/08\/foto-vchod-budova-s-pootevrenou-mrizi-large.jpg\" alt=\"\" class=\"wp-image-9 colorbox-15\" width=\"238\" height=\"358\" srcset=\"https:\/\/www.rejman.cz\/wp-content\/uploads\/2013\/08\/foto-vchod-budova-s-pootevrenou-mrizi-large.jpg 425w, https:\/\/www.rejman.cz\/wp-content\/uploads\/2013\/08\/foto-vchod-budova-s-pootevrenou-mrizi-large-199x300.jpg 199w\" sizes=\"(max-width: 238px) 100vw, 238px\" \/><\/a><\/figure><\/div>\n\n\n\n<p class=\"has-text-align-left\"><span style=\"font-family: Arial, 'Arial Unicode MS', Helvetica, sans-serif;\">Kancel\u00e1\u0159 se nach\u00e1z\u00ed nejen v historick\u00e9m centru, ale tak\u00e9 ve finan\u010dn\u00edm centru, nebo\u0165 p\u00e1r krok\u016f od kancel\u00e1\u0159e je um\u00edst\u011bna budova \u010cNB a Burzovn\u00ed pal\u00e1c. V okol\u00ed kancel\u00e1\u0159e je \u0159ada centr\u00e1l nebo pobo\u010dek v\u00fdznamn\u00fdch tuzemsk\u00fdch bank. V neposledn\u00ed \u0159ad\u011b je zde i spousta skv\u011bl\u00fdch restaurac\u00ed, tak\u017ee je mo\u017en\u00e9 spojit obchodn\u00ed sch\u016fzku s p\u0159\u00edjemn\u00fdm gastronomick\u00fdm z\u00e1\u017eitkem s mo\u017enost\u00ed volit mezi \u0159adou kuchyn\u00ed r\u016fzn\u00fdch cenov\u00fdch \u00farovn\u00ed. V okol\u00ed je i \u0159ada n\u00e1kupn\u00edch mo\u017enost\u00ed.<\/span> <span style=\"font-family: Arial, 'Arial Unicode MS', Helvetica, sans-serif;\">Najdete n\u00e1s v 5. pat\u0159e budovy \u010d.p. 1079 (U Pra\u0161n\u00e9 br\u00e1ny 3). V p\u0159\u00edpad\u011b pot\u0159eby V\u00e1m ochotn\u011b napomohou recep\u010dn\u00ed nach\u00e1zej\u00edc\u00ed se p\u0159i vstupu do budovy.<\/span> &nbsp; <span style=\"font-family: Arial, 'Arial Unicode MS', Helvetica, sans-serif;\">Samoz\u0159ejmost\u00ed je vybaven\u00ed kancel\u00e1\u0159e modern\u00ed komunika\u010dn\u00ed technikou vyu\u017e\u00edvaj\u00edc\u00ed vysokorychlostn\u00ed internet nebo komunikace p\u0159es skype.<\/span><\/p>\n\n\n\n<p class=\"has-text-align-left\"><span style=\"font-family: Arial, 'Arial Unicode MS', Helvetica, sans-serif;\">Administrativn\u00ed a m\u00e9n\u011b n\u00e1ro\u010dn\u00e9 \u00fakoly jsou zaji\u0161\u0165ov\u00e1ny spolupracuj\u00edc\u00edmi pr\u00e1vn\u00edmi asistenty z \u0159ad student\u016f tuzemsk\u00fdch pr\u00e1vnick\u00fdch fakult v z\u00e1jmu poskytov\u00e1n\u00ed efektivn\u00edho a pro klienta co nejv\u00edce p\u0159ijateln\u00e9ho pr\u00e1vn\u00edho servisu. Spolupracujeme rovn\u011b\u017e s \u0159adou extern\u00edch pr\u00e1vn\u00edch specialist\u016f z tuzemska (nap\u0159. na problematiku du\u0161evn\u00edho vlastnictv\u00ed) i ze zahrani\u010d\u00ed (nap\u0159. z USA, SRN, Velk\u00e9 Brit\u00e1nie, Nizozem\u00ed nebo Kypru). Jsme v \u00fazk\u00e9m pracovn\u00edm styku tak\u00e9 s experty z jin\u00fdch ne\u017e pr\u00e1vn\u00edch discipl\u00edn (dan\u011b a<br>\u00fa\u010detnictv\u00ed, poji\u0161t\u011bn\u00ed, posudky a odhady atd.) v z\u00e1jmu poskytnout klientovi komplexn\u00ed slu\u017eby.<\/span><\/p>\n","protected":false},"excerpt":{"rendered":"<p>Kancel\u00e1\u0159 je um\u00edst\u011bna v pam\u00e1tkov\u011b chr\u00e1n\u011bn\u00e9 secesn\u00ed budov\u011b v sam\u00e9m historick\u00e9m centru Prahy (asi 3 minuty ch\u016fze od Starom\u011bstsk\u00e9ho n\u00e1m\u011bst\u00ed) bezprost\u0159edn\u011b za budovou Obecn\u00edho domu a v sousedstv\u00ed Pra\u0161n\u00e9 br\u00e1ny, s dobrou dostupnost\u00ed MHD (metro B \u2013 stanice N\u00e1m\u011bst\u00ed republiky, tram). V p\u0159\u00edpad\u011b p\u0159\u00edjezdu autem doporu\u010dujeme vyu\u017e\u00edt parkovi\u0161\u0165 bl\u00edzk\u00e9ho obchodn\u00edho centra Palladium nebo obchodn\u00edho domu [&hellip;]<\/p>\n","protected":false},"author":1,"featured_media":0,"parent":0,"menu_order":5,"comment_status":"closed","ping_status":"closed","template":"","meta":[],"_links":{"self":[{"href":"https:\/\/www.rejman.cz\/index.php?rest_route=\/wp\/v2\/pages\/15"}],"collection":[{"href":"https:\/\/www.rejman.cz\/index.php?rest_route=\/wp\/v2\/pages"}],"about":[{"href":"https:\/\/www.rejman.cz\/index.php?rest_route=\/wp\/v2\/types\/page"}],"author":[{"embeddable":true,"href":"https:\/\/www.rejman.cz\/index.php?rest_route=\/wp\/v2\/users\/1"}],"replies":[{"embeddable":true,"href":"https:\/\/www.rejman.cz\/index.php?rest_route=%2Fwp%2Fv2%2Fcomments&post=15"}],"version-history":[{"count":14,"href":"https:\/\/www.rejman.cz\/index.php?rest_route=\/wp\/v2\/pages\/15\/revisions"}],"predecessor-version":[{"id":233,"href":"https:\/\/www.rejman.cz\/index.php?rest_route=\/wp\/v2\/pages\/15\/revisions\/233"}],"wp:attachment":[{"href":"https:\/\/www.rejman.cz\/index.php?rest_route=%2Fwp%2Fv2%2Fmedia&parent=15"}],"curies":[{"name":"wp","href":"https:\/\/api.w.org\/{rel}","templated":true}]}}