{"id":16,"date":"2013-08-26T17:12:34","date_gmt":"2013-08-26T17:12:34","guid":{"rendered":"http:\/\/rejman.cz\/?page_id=16"},"modified":"2022-01-31T19:27:28","modified_gmt":"2022-01-31T19:27:28","slug":"dokumenty","status":"publish","type":"page","link":"https:\/\/www.rejman.cz\/?page_id=16","title":{"rendered":"Dokumenty"},"content":{"rendered":"\n<h3 id=\"dokumenty-v-cj\"><span style=\"font-family: Arial;\">Dokumenty v \u010cJ<\/span><\/h3>\n\n\n\n<ul><li><span style=\"font-family: Arial;\"><a href=\"http:\/\/rejman.cz\/wp-content\/uploads\/2013\/08\/schema-joint-venture.doc\">Joint-venture<\/a><\/span><\/li><li><span style=\"font-family: Arial;\"><a href=\"http:\/\/rejman.cz\/wp-content\/uploads\/2013\/09\/mezinarodni-kupni-smlouva.doc\">Mezin\u00e1rodn\u00ed kupn\u00ed smlouva \/ desatero pro uzav\u00edr\u00e1n\u00ed smlouvy<\/a><\/span><\/li><li><span style=\"font-family: Arial;\"><a href=\"http:\/\/rejman.cz\/wp-content\/uploads\/2013\/09\/srovnani-soudniho-a-rozhodciho-rizeni.doc\">Srovn\u00e1n\u00ed soudn\u00edho a rozhod\u010d\u00edho \u0159\u00edzen\u00ed<\/a><\/span><\/li><li><span style=\"font-family: Arial;\"><a href=\"http:\/\/rejman.cz\/wp-content\/uploads\/2013\/08\/diagram-vymahani-pohledavek.doc\">Vym\u00e1h\u00e1n\u00ed pohled\u00e1vek<\/a><\/span><\/li><li><span style=\"font-family: Arial;\"><a href=\"http:\/\/rejman.cz\/wp-content\/uploads\/2013\/08\/schema-zalozeni-pobocky.doc\">Zalo\u017een\u00ed zahrani\u010dn\u00ed pobo\u010dky <\/a><\/span><\/li><li><span style=\"font-family: Arial;\"><a href=\"http:\/\/rejman.cz\/wp-content\/uploads\/2013\/08\/mediace-info-2.doc\">Mediace ve zkratce<\/a><\/span><\/li><\/ul>\n","protected":false},"excerpt":{"rendered":"<p>Dokumenty v \u010cJ Joint-venture Mezin\u00e1rodn\u00ed kupn\u00ed smlouva \/ desatero pro uzav\u00edr\u00e1n\u00ed smlouvy Srovn\u00e1n\u00ed soudn\u00edho a rozhod\u010d\u00edho \u0159\u00edzen\u00ed Vym\u00e1h\u00e1n\u00ed pohled\u00e1vek Zalo\u017een\u00ed zahrani\u010dn\u00ed pobo\u010dky Mediace ve zkratce<\/p>\n","protected":false},"author":1,"featured_media":0,"parent":0,"menu_order":6,"comment_status":"closed","ping_status":"closed","template":"","meta":[],"_links":{"self":[{"href":"https:\/\/www.rejman.cz\/index.php?rest_route=\/wp\/v2\/pages\/16"}],"collection":[{"href":"https:\/\/www.rejman.cz\/index.php?rest_route=\/wp\/v2\/pages"}],"about":[{"href":"https:\/\/www.rejman.cz\/index.php?rest_route=\/wp\/v2\/types\/page"}],"author":[{"embeddable":true,"href":"https:\/\/www.rejman.cz\/index.php?rest_route=\/wp\/v2\/users\/1"}],"replies":[{"embeddable":true,"href":"https:\/\/www.rejman.cz\/index.php?rest_route=%2Fwp%2Fv2%2Fcomments&post=16"}],"version-history":[{"count":10,"href":"https:\/\/www.rejman.cz\/index.php?rest_route=\/wp\/v2\/pages\/16\/revisions"}],"predecessor-version":[{"id":242,"href":"https:\/\/www.rejman.cz\/index.php?rest_route=\/wp\/v2\/pages\/16\/revisions\/242"}],"wp:attachment":[{"href":"https:\/\/www.rejman.cz\/index.php?rest_route=%2Fwp%2Fv2%2Fmedia&parent=16"}],"curies":[{"name":"wp","href":"https:\/\/api.w.org\/{rel}","templated":true}]}}