{"id":17,"date":"2013-08-26T17:12:35","date_gmt":"2013-08-26T17:12:35","guid":{"rendered":"http:\/\/rejman.cz\/?page_id=17"},"modified":"2022-01-31T19:28:26","modified_gmt":"2022-01-31T19:28:26","slug":"vybrane-pripady","status":"publish","type":"page","link":"https:\/\/www.rejman.cz\/?page_id=17","title":{"rendered":"Vybran\u00e9 p\u0159\u00edpady"},"content":{"rendered":"\n<p><span style=\"font-family: Arial, 'Arial Unicode MS', Helvetica, sans-serif;\">\u2022 st\u00e1tn\u00ed p\u0159\u00edsp\u011bvkov\u00e9 organizaci, jej\u00ed\u017e zam\u011bstnanec se dopustil&nbsp;zpronev\u011bry pomoc\u00ed vystaven\u00ed neopr\u00e1vn\u011bn\u00fdch faktur na nik\u00fdm neschv\u00e1len\u00e9&nbsp;zna\u010dn\u00e9 osobn\u00ed odm\u011bny za \u00fa\u010delem z\u00edsk\u00e1n\u00ed prost\u0159edk\u016f ke koupi bytu, jsme&nbsp;vymohli celou b\u00fdval\u00fdm zam\u011bstnancem zpronev\u011b\u0159enou \u010d\u00e1stku v\u010detn\u011b&nbsp;p\u0159\u00edslu\u0161enstv\u00ed a n\u00e1klad\u016f za kompletn\u00ed pr\u00e1vn\u00ed zastoupen\u00ed zahrnuj\u00edc\u00ed&nbsp;trestn\u00ed i civiln\u00ed \u0159\u00edzen\u00ed, ale tak\u00e9 zastupov\u00e1n\u00ed po\u0161kozen\u00e9 organizace p\u0159i&nbsp;\u0159\u00edzen\u00e9m prodeji konkr\u00e9tn\u00ed bytov\u00e9 jednotky za \u00fa\u010dasti n\u00e1mi vybran\u00fdch t\u0159\u00ed&nbsp;region\u00e1ln\u00edch realitn\u00edch kancel\u00e1\u0159\u00ed, z nich\u017e jedna usp\u011bla s prodejem bytu v&nbsp;pom\u011brn\u011b kr\u00e1tk\u00e9m \u010dase; zbyl\u00e1 \u010d\u00e1st prost\u0159edk\u016f byla vymo\u017eena v civiln\u00edm&nbsp;\u0159\u00edzen\u00ed a n\u00e1sledn\u00fdm prodejem spoluvlastnick\u00e9ho pod\u00edlu na jin\u00e9&nbsp;nemovitosti;<\/span><\/p>\n\n\n\n<p><span style=\"font-family: Arial, 'Arial Unicode MS', Helvetica, sans-serif;\">\u2022 zajistili jsme kompletn\u00ed pr\u00e1vn\u00ed servis&nbsp;renomovan\u00e9 americk\u00e9 spole\u010dnosti p\u016fsob\u00edc\u00ed v p\u0159esn\u00e9m stroj\u00edrenstv\u00ed a&nbsp;maj\u00edc\u00ed pobo\u010dky rovn\u011b\u017e v Indii a \u010c\u00edn\u011b p\u0159i rozjezdu jej\u00edho podnik\u00e1n\u00ed v \u010cR<br>prost\u0159ednictv\u00edm nov\u011b z\u0159\u00edzen\u00e9 dce\u0159in\u00e9 spole\u010dnosti zaji\u0161\u0165uj\u00edc\u00ed pro&nbsp;mate\u0159skou spole\u010dnost servis jej\u00edch v\u00fdrobk\u016f a prodej n\u00e1hradn\u00edch d\u00edl\u016f v&nbsp;Evrop\u011b a na Bl\u00edzk\u00e9m v\u00fdchod\u011b;<\/span><\/p>\n\n\n\n<p><span style=\"font-family: Arial, 'Arial Unicode MS', Helvetica, sans-serif;\">\u2022 pomohli jsme dos\u00e1hnout&nbsp;obnovy \u0159\u00edzen\u00ed pro dva cizince, ob\u010dany USA, kte\u0159\u00ed neopr\u00e1vn\u011bn\u011b \u010delili&nbsp;spr\u00e1vn\u00edmu vyho\u0161t\u011bn\u00ed z \u010cR z d\u016fvodu, \u017ee v pase m\u011bli vyzna\u010denou chybnou&nbsp;d\u00e9lku platnosti povolen\u00ed k pobytu na \u00fazem\u00ed SR;<\/span><\/p>\n\n\n\n<p><span style=\"font-family: Arial, 'Arial Unicode MS', Helvetica, sans-serif;\">\u2022&nbsp;vyjednali jsme klientovi podm\u00ednky n\u00e1jmu nebytov\u00fdch prostor k atypick\u00e9&nbsp;nekomer\u010dn\u00ed \u010dinnosti a zabezpe\u010dili jejich \u0159\u00e1dn\u00e9 prom\u00edtnut\u00ed do&nbsp;odpov\u00eddaj\u00edc\u00ed smlouvy;<\/span><\/p>\n\n\n\n<p><span style=\"font-family: Arial, 'Arial Unicode MS', Helvetica, sans-serif;\">\u2022 pomohli jsme vyjednat pro&nbsp;obchodn\u00ed spole\u010dnost, maj\u00edc\u00ed realitn\u00ed fran\u010d\u00edzovou licenci pro \u010cR,&nbsp;p\u0159\u00edzniv\u00e9 podm\u00ednky mimosoudn\u00edho vypo\u0159\u00e1d\u00e1n\u00ed s fran\u010d\u00edzantem nepln\u00edc\u00edm sv\u00e9&nbsp;smluvn\u00ed z\u00e1vazky;<\/span><\/p>\n\n\n\n<p><span style=\"font-family: Arial, 'Arial Unicode MS', Helvetica, sans-serif;\">\u2022 vymohli jsme dlouhodob\u011b neuspokojenou&nbsp;pohled\u00e1vku bytov\u00e9ho dru\u017estva v\u016f\u010di jeho neplat\u00edc\u00edm \u010dlen\u016fm bez nutnosti&nbsp;zahajovat \u010dasov\u011b a finan\u010dn\u011b n\u00e1ro\u010dn\u00e9 soudn\u00ed \u0159\u00edzen\u00ed;<\/span><\/p>\n\n\n\n<p><span style=\"font-family: Arial, 'Arial Unicode MS', Helvetica, sans-serif;\">\u2022&nbsp;poda\u0159ilo se n\u00e1m v soudn\u00edm \u0159\u00edzen\u00ed dos\u00e1hnout uspokojen\u00ed restitu\u010dn\u00edho&nbsp;n\u00e1roku klienta v podob\u011b z\u00edsk\u00e1n\u00ed n\u00e1hradn\u00ed nemovitosti s odkazem na&nbsp;rozhodnut\u00ed Nejvy\u0161\u0161\u00edho soudu \u010cR v dovolac\u00edm \u0159\u00edzen\u00ed;<\/span><\/p>\n\n\n\n<p><span style=\"font-family: Arial, 'Arial Unicode MS', Helvetica, sans-serif;\">\u2022&nbsp;prost\u0159ednictv\u00edm soudn\u00edho \u0159\u00edzen\u00ed a v sou\u010dinnosti se spolupracuj\u00edc\u00edm&nbsp;soudn\u00edm exekutorem jsme vymohli mzdovou pohled\u00e1vku zdravotn\u011b posti\u017een\u00e9ho&nbsp;klienta v\u016f\u010di jeho b\u00fdval\u00e9mu zam\u011bstnavateli, a to v\u010detn\u011b p\u0159\u00edslu\u0161enstv\u00ed i&nbsp;pr\u00e1vn\u00edch v\u00fdloh;<\/span><\/p>\n\n\n\n<p><span style=\"font-family: Arial, 'Arial Unicode MS', Helvetica, sans-serif;\">\u2022 poskytli jsme pr\u00e1vn\u00ed servis spole\u010dnosti&nbsp;s ru\u010den\u00edm omezen\u00fdm se zahrani\u010dn\u00edm vlastn\u00edkem v souvislosti se zm\u011bnou&nbsp;vlastnick\u00e9 struktury, nav\u00fd\u0161en\u00edm z\u00e1kladn\u00edho kapit\u00e1lu a kapitalizac\u00ed<br>pohled\u00e1vek;<\/span><\/p>\n\n\n\n<p><span style=\"font-family: Arial, 'Arial Unicode MS', Helvetica, sans-serif;\">\u2022 napomohli jsme organizaci s celosv\u011btovou&nbsp;p\u016fsobnost\u00ed ve v\u011bci z\u00edsk\u00e1n\u00ed povolen\u00ed k dlouhodob\u00e9mu pobytu na \u00fazem\u00ed \u010cR&nbsp;pro n\u011bkter\u00e9 jej\u00ed \u010dleny;<\/span><\/p>\n\n\n\n<p><span style=\"font-family: Arial, 'Arial Unicode MS', Helvetica, sans-serif;\">\u2022 dlouhodob\u011b napom\u00e1h\u00e1me&nbsp;zahrani\u010dn\u00edmu vlastn\u00edkovi p\u0159i spr\u00e1v\u011b jeho komer\u010dn\u00edho objektu v \u010cR&nbsp;orientovan\u00e9ho na turistick\u00fd ruch a napom\u00e1h\u00e1me mu p\u0159i dal\u0161\u00edm rozvoji jeho&nbsp;podnik\u00e1n\u00ed;<\/span><\/p>\n\n\n\n<p><span style=\"font-family: Arial, 'Arial Unicode MS', Helvetica, sans-serif;\">\u2022 pr\u00e1vn\u011b jsme zastupovali skupinu vlastn\u00edk\u016f&nbsp;nemovitost\u00ed v soudn\u00edm sporu, v n\u011bm\u017e t\u0159et\u00ed osoba se dom\u00e1hala ur\u010den\u00ed, \u017ee&nbsp;je vlastn\u00edkem t\u011bchto nemovitost\u00ed, a poda\u0159ilo se n\u00e1m dos\u00e1hnout zam\u00edtnut\u00ed&nbsp;t\u00e9to \u017ealoby a zabr\u00e1nit ne\u017e\u00e1douc\u00edm komplikac\u00edm, kter\u00e9 by nep\u0159\u00edzniv\u00e9&nbsp;soudn\u00ed rozhodnut\u00ed mohlo vyvolat (nap\u0159. mo\u017enost hypot\u00e9\u010dn\u00edch bank&nbsp;po\u017eadovat dozaji\u0161t\u011bn\u00ed poskytnut\u00fdch \u00fav\u011br\u016f);<\/span><\/p>\n\n\n\n<p><span style=\"font-family: Arial, 'Arial Unicode MS', Helvetica, sans-serif;\">\u2022 pro realitn\u00ed&nbsp;kancel\u00e1\u0159e nebo p\u0159\u00edmo pro prod\u00e1vaj\u00edc\u00ed \u010di kupuj\u00edc\u00ed jsme napomohli v&nbsp;realizaci mnoha p\u0159evod\u016f nemovitost\u00ed za vyu\u017eit\u00ed advok\u00e1tn\u00edch \u00faschov&nbsp;(veden\u00fdch v K\u010d i EUR) jako bezpe\u010dn\u00e9ho instrumentu k hrazen\u00ed kupn\u00ed ceny<\/span><\/p>\n","protected":false},"excerpt":{"rendered":"<p>\u2022 st\u00e1tn\u00ed p\u0159\u00edsp\u011bvkov\u00e9 organizaci, jej\u00ed\u017e zam\u011bstnanec se dopustil&nbsp;zpronev\u011bry pomoc\u00ed vystaven\u00ed neopr\u00e1vn\u011bn\u00fdch faktur na nik\u00fdm neschv\u00e1len\u00e9&nbsp;zna\u010dn\u00e9 osobn\u00ed odm\u011bny za \u00fa\u010delem z\u00edsk\u00e1n\u00ed prost\u0159edk\u016f ke koupi bytu, jsme&nbsp;vymohli celou b\u00fdval\u00fdm zam\u011bstnancem zpronev\u011b\u0159enou \u010d\u00e1stku v\u010detn\u011b&nbsp;p\u0159\u00edslu\u0161enstv\u00ed a n\u00e1klad\u016f za kompletn\u00ed pr\u00e1vn\u00ed zastoupen\u00ed zahrnuj\u00edc\u00ed&nbsp;trestn\u00ed i civiln\u00ed \u0159\u00edzen\u00ed, ale tak\u00e9 zastupov\u00e1n\u00ed po\u0161kozen\u00e9 organizace p\u0159i&nbsp;\u0159\u00edzen\u00e9m prodeji konkr\u00e9tn\u00ed bytov\u00e9 jednotky za \u00fa\u010dasti n\u00e1mi vybran\u00fdch [&hellip;]<\/p>\n","protected":false},"author":1,"featured_media":0,"parent":0,"menu_order":7,"comment_status":"closed","ping_status":"closed","template":"","meta":[],"_links":{"self":[{"href":"https:\/\/www.rejman.cz\/index.php?rest_route=\/wp\/v2\/pages\/17"}],"collection":[{"href":"https:\/\/www.rejman.cz\/index.php?rest_route=\/wp\/v2\/pages"}],"about":[{"href":"https:\/\/www.rejman.cz\/index.php?rest_route=\/wp\/v2\/types\/page"}],"author":[{"embeddable":true,"href":"https:\/\/www.rejman.cz\/index.php?rest_route=\/wp\/v2\/users\/1"}],"replies":[{"embeddable":true,"href":"https:\/\/www.rejman.cz\/index.php?rest_route=%2Fwp%2Fv2%2Fcomments&post=17"}],"version-history":[{"count":6,"href":"https:\/\/www.rejman.cz\/index.php?rest_route=\/wp\/v2\/pages\/17\/revisions"}],"predecessor-version":[{"id":244,"href":"https:\/\/www.rejman.cz\/index.php?rest_route=\/wp\/v2\/pages\/17\/revisions\/244"}],"wp:attachment":[{"href":"https:\/\/www.rejman.cz\/index.php?rest_route=%2Fwp%2Fv2%2Fmedia&parent=17"}],"curies":[{"name":"wp","href":"https:\/\/api.w.org\/{rel}","templated":true}]}}