{"id":175,"date":"2022-01-31T16:51:40","date_gmt":"2022-01-31T16:51:40","guid":{"rendered":"https:\/\/www.rejman.cz\/?page_id=175"},"modified":"2024-02-05T13:48:07","modified_gmt":"2024-02-05T13:48:07","slug":"lawyers","status":"publish","type":"page","link":"https:\/\/www.rejman.cz\/?page_id=175&lang=en","title":{"rendered":"Lawyers"},"content":{"rendered":"\n<h3 id=\"daniel-rejman-born-in-1971-advocate-the-member-of-the-czech-bar-association-evidence-no-4805\"><strong>Daniel Rejman<\/strong>, (born in 1971), advocate, the member of the Czech Bar Association (evidence No. 4805)<\/h3>\n\n\n\n<p>During university studies he worked in a law firms Felix &amp; spol., Prague (1994) and Luhan &amp; spol., Lysa nad Labem (1994-1995) for a short period of time. After finishing his studies at the Faculty of Law of Charles University in Prague (1995) he worked as a Junior Lawyer in the law firm Sodomka &amp; Sou\u010dek, Prague (1995-1999). He became an Advocate from 1.1.1999. After passing an advocate exam he worked as an advocate in the law firm above-mentioned and than he cooperated with the law firm C\u00edsa\u0159, \u010ce\u0161ka, Smutn\u00fd a spol., Prague (1999-2002). In 2002 he founded his private law firm rendering legal service Czech and also foreign clients, entrepreneurs and non-entrepreneurs. He renders legal service in the following areas: commercial and company law, real property, investments and acquisitions, proceedings, management consulting. He is a member of the Czech Bar Association.<\/p>\n\n\n\n<p>He intensified his knowledge by participation in various specialized seminars and conferences, from which is possible to mention \u201cTrade Marks\u201d ( 1996, Industrial Property Office in Prague), \u201cArbitration Proceedings (2000, The Czech Bar Association and The Chartered Institute of Arbitration from London) and \u201cJoint-ventures\u201d (2003, International Association of Lawyers and The Czech Bar Association).<\/p>\n\n\n\n<p>Within his activities he also leads seminars focused on foreign investments, commercial law and export. In cooperation with his colleagues he prepared series of lectures \u201cLegal minimum of exporters\u201d for export agency CzechTrade in 2004. \u201cLegal minimum of exporters\u201d consists of full-day seminars on topics: \u201cAn access to foreign markets\u201d, \u201cContractual relationship with a foreign party\u201d, \u201cProtection of intellectual property\u201d and \u201cCompetition, customer, employees and disputes\u201d. \u201cLegal minimum of exporter\u201d was realised also in 2005.<\/p>\n\n\n\n<p>He participated in mediation educational programme which was organised by the Czech Bar association and the Brussels Bar Association (project of \u201cEuropean Experience in mediation and its implementation in the Czech legal environment\u201c) and which was terminated by a mediation exam. He also deepens his mediation abilities within the course Business Mediation which was organized also by CBA. He participates in activities of ADR (Alternative dispute resolution) within CBA. He can speak Czech and English fluently.<\/p>\n\n\n\n<ul><li><em>Tel.: (+420) 606&nbsp;853&nbsp;095<\/em><\/li><li><em>E-mail: <\/em><a href=\"mailto:counsel@rejman.cz\"><em>counsel@rejman.cz<\/em><\/a><\/li><\/ul>\n","protected":false},"excerpt":{"rendered":"<p>Daniel Rejman, (born in 1971), advocate, the member of the Czech Bar Association (evidence No. 4805) During university studies he worked in a law firms Felix &amp; spol., Prague (1994) and Luhan &amp; spol., Lysa nad Labem (1994-1995) for a short period of time. After finishing his studies at the Faculty of Law of Charles [&hellip;]<\/p>\n","protected":false},"author":1,"featured_media":0,"parent":0,"menu_order":3,"comment_status":"closed","ping_status":"closed","template":"","meta":[],"_links":{"self":[{"href":"https:\/\/www.rejman.cz\/index.php?rest_route=\/wp\/v2\/pages\/175"}],"collection":[{"href":"https:\/\/www.rejman.cz\/index.php?rest_route=\/wp\/v2\/pages"}],"about":[{"href":"https:\/\/www.rejman.cz\/index.php?rest_route=\/wp\/v2\/types\/page"}],"author":[{"embeddable":true,"href":"https:\/\/www.rejman.cz\/index.php?rest_route=\/wp\/v2\/users\/1"}],"replies":[{"embeddable":true,"href":"https:\/\/www.rejman.cz\/index.php?rest_route=%2Fwp%2Fv2%2Fcomments&post=175"}],"version-history":[{"count":7,"href":"https:\/\/www.rejman.cz\/index.php?rest_route=\/wp\/v2\/pages\/175\/revisions"}],"predecessor-version":[{"id":296,"href":"https:\/\/www.rejman.cz\/index.php?rest_route=\/wp\/v2\/pages\/175\/revisions\/296"}],"wp:attachment":[{"href":"https:\/\/www.rejman.cz\/index.php?rest_route=%2Fwp%2Fv2%2Fmedia&parent=175"}],"curies":[{"name":"wp","href":"https:\/\/api.w.org\/{rel}","templated":true}]}}