{"id":19,"date":"2013-08-26T17:12:37","date_gmt":"2013-08-26T17:12:37","guid":{"rendered":"http:\/\/rejman.cz\/?page_id=19"},"modified":"2022-02-01T18:16:47","modified_gmt":"2022-02-01T18:16:47","slug":"kontakt","status":"publish","type":"page","link":"https:\/\/www.rejman.cz\/?page_id=19","title":{"rendered":"Kontakt"},"content":{"rendered":"\n<h3 id=\"rejman-advokati-s-r-o\"><span style=\"font-family: Arial;\">REJMAN advok\u00e1ti s.r.o.<\/span><\/h3>\n\n\n\n<p>&nbsp;<\/p>\n\n\n\n<iframe loading=\"lazy\" style=\"border:none\" src=\"https:\/\/frame.mapy.cz\/s\/gojejavano\" width=\"400\" height=\"280\" frameborder=\"0\"><\/iframe>\n\n\n\n<p>I\u010c: 14034395, DI\u010c: CZ14034395<\/p>\n\n\n\n<p>s\u00eddlo: U Pra\u0161n\u00e9 br\u00e1ny 1079\/3, 110 00 Praha 1<\/p>\n\n\n\n<p>obchodn\u00ed rejst\u0159\u00edk: M\u011bstsk\u00fd soud v&nbsp;Praze, odd\u00edl C, vlo\u017eka 359272<\/p>\n\n\n\n<ul><li><strong>Tel.:<\/strong> (+420) 222\u00a0233\u00a0317<\/li><li><strong>Mob.:<\/strong> (+420) 606\u00a0853\u00a0095<\/li><li><strong>E-mail:<\/strong> <a href=\"mailto:counsel@rejman.cz\"><a href=\"mailto:counsel@rejman.cz\">counsel@rejman.cz<\/a><\/a><\/li><li><strong>Skype: <\/strong>rejmanlegal<\/li><\/ul>\n\n\n\n<div class=\"wp-block-image\"><figure class=\"alignleft size-full is-resized\"><a href=\"http:\/\/www.rejman.cz\/wp-content\/uploads\/2013\/08\/foto-vchod-budova-s-otevrenou-mrizi.jpg\"><img loading=\"lazy\" src=\"http:\/\/www.rejman.cz\/wp-content\/uploads\/2013\/08\/foto-vchod-budova-s-otevrenou-mrizi.jpg\" alt=\"\" class=\"wp-image-7 colorbox-19\" width=\"593\" height=\"393\" srcset=\"https:\/\/www.rejman.cz\/wp-content\/uploads\/2013\/08\/foto-vchod-budova-s-otevrenou-mrizi.jpg 640w, https:\/\/www.rejman.cz\/wp-content\/uploads\/2013\/08\/foto-vchod-budova-s-otevrenou-mrizi-300x199.jpg 300w\" sizes=\"(max-width: 593px) 100vw, 593px\" \/><\/a><\/figure><\/div>\n\n\n\n<p class=\"has-text-align-left\">&nbsp;<\/p>\n","protected":false},"excerpt":{"rendered":"<p>REJMAN advok\u00e1ti s.r.o. &nbsp; I\u010c: 14034395, DI\u010c: CZ14034395 s\u00eddlo: U Pra\u0161n\u00e9 br\u00e1ny 1079\/3, 110 00 Praha 1 obchodn\u00ed rejst\u0159\u00edk: M\u011bstsk\u00fd soud v&nbsp;Praze, odd\u00edl C, vlo\u017eka 359272 Tel.: (+420) 222\u00a0233\u00a0317 Mob.: (+420) 606\u00a0853\u00a0095 E-mail: counsel@rejman.cz Skype: rejmanlegal &nbsp;<\/p>\n","protected":false},"author":1,"featured_media":0,"parent":0,"menu_order":9,"comment_status":"closed","ping_status":"closed","template":"","meta":[],"_links":{"self":[{"href":"https:\/\/www.rejman.cz\/index.php?rest_route=\/wp\/v2\/pages\/19"}],"collection":[{"href":"https:\/\/www.rejman.cz\/index.php?rest_route=\/wp\/v2\/pages"}],"about":[{"href":"https:\/\/www.rejman.cz\/index.php?rest_route=\/wp\/v2\/types\/page"}],"author":[{"embeddable":true,"href":"https:\/\/www.rejman.cz\/index.php?rest_route=\/wp\/v2\/users\/1"}],"replies":[{"embeddable":true,"href":"https:\/\/www.rejman.cz\/index.php?rest_route=%2Fwp%2Fv2%2Fcomments&post=19"}],"version-history":[{"count":21,"href":"https:\/\/www.rejman.cz\/index.php?rest_route=\/wp\/v2\/pages\/19\/revisions"}],"predecessor-version":[{"id":287,"href":"https:\/\/www.rejman.cz\/index.php?rest_route=\/wp\/v2\/pages\/19\/revisions\/287"}],"wp:attachment":[{"href":"https:\/\/www.rejman.cz\/index.php?rest_route=%2Fwp%2Fv2%2Fmedia&parent=19"}],"curies":[{"name":"wp","href":"https:\/\/api.w.org\/{rel}","templated":true}]}}