{"id":276,"date":"2022-01-31T19:55:33","date_gmt":"2022-01-31T19:55:33","guid":{"rendered":"https:\/\/www.rejman.cz\/?page_id=276"},"modified":"2022-01-31T19:55:33","modified_gmt":"2022-01-31T19:55:33","slug":"informace-pro-spotrebitele-prijemce-pravni-sluzby","status":"publish","type":"page","link":"https:\/\/www.rejman.cz\/?page_id=276","title":{"rendered":"INFORMACE PRO SPOT\u0158EBITELE \u2013 P\u0158\u00cdJEMCE PR\u00c1VN\u00cd SLU\u017dBY"},"content":{"rendered":"\n<p>Informace o cen\u011b pr\u00e1vn\u00ed slu\u017eby, kter\u00e1 m\u00e1 b\u00fdt spot\u0159ebiteli poskytnuta, \u010di zp\u016fsob jej\u00edho ur\u010den\u00ed, je je\u0161t\u011b p\u0159ed zah\u00e1jen\u00edm poskytov\u00e1n\u00ed slu\u017eeb spot\u0159ebiteli\u00a0sd\u011blena, a to v\u017edy takov\u00fdm zp\u016fsobem, aby se spot\u0159ebitel mohl rozhodnout p\u0159ed zapo\u010det\u00edm jejich poskytov\u00e1n\u00ed, zda m\u00e1 o pr\u00e1vn\u00ed slu\u017ebu z\u00e1jem. Informace o cen\u011b za poskytnut\u00e9 pr\u00e1vn\u00ed slu\u017eby je ned\u00edlnou sou\u010d\u00e1st\u00ed Smlouvy o poskytov\u00e1n\u00ed pr\u00e1vn\u00edch slu\u017eeb spot\u0159ebiteli. Ta je ze strany advok\u00e1ta, resp. advok\u00e1tn\u00ed spole\u010dnosti REJMAN advok\u00e1ti s.r.o., se spot\u0159ebitelem uzav\u00edr\u00e1na p\u0159ed samotn\u00fdm zah\u00e1jen\u00edm poskytov\u00e1n\u00ed pr\u00e1vn\u00edch slu\u017eeb. V\u00fd\u0161e odm\u011bny je kalkulov\u00e1na na z\u00e1klad\u011b individu\u00e1ln\u00ed dohody se spot\u0159ebitelem, a to s ohledem na \u010dasovou, jazykovou i odbornou n\u00e1ro\u010dnost a pen\u011b\u017en\u00ed hodnotu dan\u00e9ho p\u0159\u00edpadu spot\u0159ebitele. Odm\u011bna za pr\u00e1vn\u00ed slu\u017eby m\u016f\u017ee b\u00fdt dle ujedn\u00e1n\u00ed se spot\u0159ebitelem dohodnuta jako odm\u011bna hodinov\u00e1, odm\u011bna pau\u0161\u00e1ln\u00ed \u010di pod\u00edlov\u00e1 nebo odm\u011bna pevnou \u010d\u00e1stkou za konkr\u00e9tn\u00ed pr\u00e1vn\u00ed jedn\u00e1n\u00ed. K\u00a0odm\u011bn\u011b je p\u0159ipo\u010dtena DPH v\u00a0p\u0159\u00edslu\u0161n\u00e9 z\u00e1konn\u00e9 v\u00fd\u0161i.<\/p>\n\n\n\n<p>Hodinov\u00e1 odm\u011bna je \u010d\u00e1stka za zapo\u010det\u00ed ka\u017ed\u00e9 jednotliv\u00e9 hodiny poskytovan\u00fdch pr\u00e1vn\u00edch slu\u017eeb.<\/p>\n\n\n\n<p>Pau\u0161\u00e1ln\u00ed odm\u011bna je odm\u011bnou za opakuj\u00edc\u00ed se poskytov\u00e1n\u00ed pr\u00e1vn\u00ed slu\u017eby s\u00a0\u010dasov\u00fdm omezen\u00edm a v\u00a0n\u011bm ur\u010den\u00fdm po\u010dtem \u00fakon\u016f nebo hodin v\u00a0obdob\u00ed jednoho m\u011bs\u00edce, a to dle domluvy s klientem.<\/p>\n\n\n\n<p>Pod\u00edlovou odm\u011bnu lze sjednat dle v\u00fdsledku soudn\u00edho sporu nebo vymo\u017een\u00e9 \u010d\u00e1stky.<\/p>\n\n\n\n<p>Pevn\u00e1 odm\u011bna je odm\u011bna za vy\u0159\u00edzen\u00ed cel\u00e9 z\u00e1le\u017eitosti bez ohledu na \u010dasovou n\u00e1ro\u010dnost a slo\u017eitost poskytovan\u00e9 pr\u00e1vn\u00ed slu\u017eby.<\/p>\n\n\n\n<p>Odm\u011bna m\u016f\u017ee b\u00fdt ujedn\u00e1na dle hodnoty v\u011bci, kter\u00e1 je p\u0159edm\u011btem poskytovan\u00e9 pr\u00e1vn\u00ed slu\u017eby.<\/p>\n\n\n\n<p>Ve v\u00fd\u0161e uveden\u00fdch p\u0159\u00edpadech jsou ceny za poskytnut\u00e9 pr\u00e1vn\u00ed slu\u017eby v\u017edy stanovov\u00e1ny s\u00a0ohledem na vyhl\u00e1\u0161ku \u010d. 177\/1996 Sb., o odm\u011bn\u00e1ch advok\u00e1t\u016f a n\u00e1hrad\u00e1ch advok\u00e1t\u016f za poskytov\u00e1n\u00ed pr\u00e1vn\u00edch slu\u017eeb (advok\u00e1tn\u00ed tarif), v\u00a0platn\u00e9m zn\u011bn\u00ed.<\/p>\n\n\n\n<p>V\u00a0p\u0159\u00edpad\u011b, \u017ee nen\u00ed sjedn\u00e1na s\u00a0klientem smluvn\u00ed odm\u011bna, je v\u017edy p\u0159i stanoven\u00ed hodnoty pr\u00e1vn\u00ed slu\u017eby \u00fa\u010dtov\u00e1na mimosmluvn\u00ed odm\u011bna podle vyhl\u00e1\u0161ky \u010d. 177\/1996 Sb., o odm\u011bn\u00e1ch advok\u00e1t\u016f a n\u00e1hrad\u00e1ch advok\u00e1t\u016f za poskytov\u00e1n\u00ed pr\u00e1vn\u00edch slu\u017eeb (advok\u00e1tn\u00ed tarif) v\u00a0aktu\u00e1ln\u00edm zn\u011bn\u00ed.<\/p>\n\n\n\n<p>Vy\u00fa\u010dtov\u00e1n\u00ed poskytnut\u00fdch slu\u017eeb spot\u0159ebiteli se prov\u00e1d\u00ed zpravidla jednou m\u011bs\u00ed\u010dn\u011b (do dvac\u00e1t\u00e9ho dne m\u011bs\u00edce bezprost\u0159edn\u011b n\u00e1sleduj\u00edc\u00edho po m\u011bs\u00edci, ve kter\u00e9m byly pr\u00e1vn\u00ed slu\u017eby poskytnuty, pokud nebylo dohodnuto jinak). Vystaven\u00e9 faktury za pr\u00e1vn\u00ed slu\u017eby v\u016f\u010di spot\u0159ebiteli jsou splatn\u00e9 ke dni uveden\u00e9mu na faktu\u0159e, nen\u00ed-li sjedn\u00e1no jinak, pak za 15 dn\u00ed od doru\u010den\u00ed p\u0159\u00edslu\u0161n\u00e9 faktury spot\u0159ebiteli. Spolu s fakturou je klientovi p\u0159ed\u00e1na detailn\u00ed informace obsahuj\u00edc\u00ed bli\u017e\u0161\u00ed specifikaci vykonan\u00fdch pr\u00e1vn\u00edch slu\u017eeb, datum vykonan\u00e9ho \u00fakonu a d\u00e9lku trv\u00e1n\u00ed pr\u00e1ce.<\/p>\n\n\n\n<p>Spot\u0159ebitel je opr\u00e1vn\u011bn Smlouvu o poskytov\u00e1n\u00ed pr\u00e1vn\u00edch slu\u017eeb kdykoliv p\u00edsemn\u011b vypov\u011bd\u011bt, a to i bez ud\u00e1n\u00ed d\u016fvodu. V p\u0159\u00edpad\u011b vyu\u017eit\u00ed mo\u017enosti vypov\u011bd\u011bt smlouvu ze strany kter\u00e9koliv smluvn\u00ed strany \u010din\u00ed v\u00fdpov\u011bdn\u00ed doba jeden m\u011bs\u00edc a po\u010d\u00edn\u00e1 b\u011b\u017eet ode dne doru\u010den\u00ed p\u00edsemn\u00e9 v\u00fdpov\u011bdi druh\u00e9 smluvn\u00ed stran\u011b, v p\u0159\u00edpad\u011b pochybnost\u00ed se za den doru\u010den\u00ed pova\u017euje t\u0159et\u00ed den od odesl\u00e1n\u00ed v\u00fdpov\u011bdi.<\/p>\n\n\n\n<p>\u010cesk\u00e1 advok\u00e1tn\u00ed komora (www.cak.cz) byla pov\u011b\u0159ena Ministerstvem pr\u016fmyslu a obchodu \u010cesk\u00e9 republiky mimosoudn\u00edm \u0159e\u0161en\u00edm spot\u0159ebitelsk\u00fdch spor\u016f pro oblast p\u0159\u00edpadn\u00fdch spor\u016f mezi advok\u00e1tem \u2013 poskytovatelem pr\u00e1vn\u00ed slu\u017eby a spot\u0159ebitelem ze Smluv o poskytov\u00e1n\u00ed pr\u00e1vn\u00edch slu\u017eeb (na z\u00e1klad\u011b z\u00e1kona \u010d. 634\/1992 Sb., o ochran\u011b spot\u0159ebitele, ve zn\u011bn\u00ed pozd\u011bj\u0161\u00edch p\u0159edpis\u016f).<\/p>\n","protected":false},"excerpt":{"rendered":"<p>Informace o cen\u011b pr\u00e1vn\u00ed slu\u017eby, kter\u00e1 m\u00e1 b\u00fdt spot\u0159ebiteli poskytnuta, \u010di zp\u016fsob jej\u00edho ur\u010den\u00ed, je je\u0161t\u011b p\u0159ed zah\u00e1jen\u00edm poskytov\u00e1n\u00ed slu\u017eeb spot\u0159ebiteli\u00a0sd\u011blena, a to v\u017edy takov\u00fdm zp\u016fsobem, aby se spot\u0159ebitel mohl rozhodnout p\u0159ed zapo\u010det\u00edm jejich poskytov\u00e1n\u00ed, zda m\u00e1 o pr\u00e1vn\u00ed slu\u017ebu z\u00e1jem. Informace o cen\u011b za poskytnut\u00e9 pr\u00e1vn\u00ed slu\u017eby je ned\u00edlnou sou\u010d\u00e1st\u00ed Smlouvy o poskytov\u00e1n\u00ed pr\u00e1vn\u00edch [&hellip;]<\/p>\n","protected":false},"author":1,"featured_media":0,"parent":0,"menu_order":0,"comment_status":"closed","ping_status":"closed","template":"","meta":[],"_links":{"self":[{"href":"https:\/\/www.rejman.cz\/index.php?rest_route=\/wp\/v2\/pages\/276"}],"collection":[{"href":"https:\/\/www.rejman.cz\/index.php?rest_route=\/wp\/v2\/pages"}],"about":[{"href":"https:\/\/www.rejman.cz\/index.php?rest_route=\/wp\/v2\/types\/page"}],"author":[{"embeddable":true,"href":"https:\/\/www.rejman.cz\/index.php?rest_route=\/wp\/v2\/users\/1"}],"replies":[{"embeddable":true,"href":"https:\/\/www.rejman.cz\/index.php?rest_route=%2Fwp%2Fv2%2Fcomments&post=276"}],"version-history":[{"count":1,"href":"https:\/\/www.rejman.cz\/index.php?rest_route=\/wp\/v2\/pages\/276\/revisions"}],"predecessor-version":[{"id":277,"href":"https:\/\/www.rejman.cz\/index.php?rest_route=\/wp\/v2\/pages\/276\/revisions\/277"}],"wp:attachment":[{"href":"https:\/\/www.rejman.cz\/index.php?rest_route=%2Fwp%2Fv2%2Fmedia&parent=276"}],"curies":[{"name":"wp","href":"https:\/\/api.w.org\/{rel}","templated":true}]}}